{"id":146,"date":"2020-06-02T15:57:34","date_gmt":"2020-06-02T15:57:34","guid":{"rendered":"https:\/\/www.magromer.com\/home\/?page_id=146"},"modified":"2026-03-17T17:08:53","modified_gmt":"2026-03-17T17:08:53","slug":"magromer","status":"publish","type":"page","link":"https:\/\/www.magromer.com\/en\/magromer\/","title":{"rendered":""},"content":{"rendered":"<div class=\"section-full-width section-light\" style=\"background-color:#ffffff;\" id=\"section-1\"><div class=\"section-boxed\" style=\"color:#000000;\"><\/p>\n<h2 style=\"text-align: center;\">We are a leading company with a history in the production of sustainable leathers at a global level, we try to satisfy the needs of each of our clients in the world.<\/h2>\n<p>\n<\/div><\/div>\n<div class=\"section-full-width section-light\" style=\"background-color:#f7f7f7;\" id=\"section-2\"><div class=\"section-boxed\" style=\"color:#777777;\"><\/p>\n<div class=\"cols-wrapper cols-2\">\n<div class=\"col\">\n<p><img decoding=\"async\" class=\"img-frame aligncenter\" src=\"https:\/\/www.magromer.com\/wp-content\/uploads\/2020\/06\/1-01.png\" \/><\/p>\n<\/div>\n<div class=\"col nomargin\">\n<h1 class=\"titulos\"><strong>View<\/strong><\/h1>\n<p>Magromer aims to maintain and reinforce leadership in the local and international market, providing the best quality in the products it markets. Preserving in this way, the excellent reputation that it has managed to build through all these years of work.<\/p>\n<h1><strong>Mission<\/strong><\/h1>\n<p>Understand customer needs, constantly work to meet standards and always make a special effort to offer the best.<\/p>\n<h1 class=\"titulos\"><strong>Valores<\/strong><\/h1>\n<ul class=\"bullet_check imglist\">\n<li><strong>EXPERIENCE<\/strong><\/li>\n<li><strong>HIGH QUALITY<\/strong><\/li>\n<li><b>CONTINUOUS EVOLUTION<\/b><\/li>\n<li><b>INTEGRATION<\/b><\/li>\n<\/ul>\n<\/div>\n<\/div>\n<p>\n<\/div><\/div>\n<div class=\"section-full-width section-light\" style=\"background-color:#ffffff;\" id=\"perfilcorporativo\"><div class=\"section-boxed\" style=\"color:#000000;\"><h2 class=\"section-title\" style=\"color:#252525;\">CORPORATE PROFILE<\/h2><p>Industrias Magromer Cueros y Pieles SA is a company with more than 93 years in the market. It produces and markets sustainable leathers and a wide range of semi-finished and finished products. The company has its own warehouses and sales showroom in Avellaneda. The industrial and general administration plant is located in the City of Mercedes (Buenos Aires) 100 kilometers from the Federal Capital, on one of the main entrances to the City. In total the company employs more than 300 people, including administrative personnel, technicians, workers and engineers. The company encourages the permanent effort of all the members of the organization, guiding them to achieve and meet customer requirements. In this way, maintaining the quality level that all its products possess.Development and design play an important role in corporate culture. It allows us to be more efficient and improve our technologies, as well as developing innovative products that help keep the Company among the leading companies in the production of sustainable leather. Industrias Magromer has been exporting its leather production to the world for more than nine decades. The constant control over all areas - from the selection of raw materials to the different stages of production - reflects that the company has a first-rate reputation in the world's main markets. as well as developing innovative products that help keep the Company among the leading companies in the production of sustainable leather.Industrias Magromer has been exporting its leather production to the world for more than nine decades. The constant control over all areas - from the selection of raw materials to the different stages of production - reflects that the company has a first-rate reputation in the world's main markets. as well as developing innovative products that help keep the Company among the leading companies in the production of sustainable leather. Industrias Magromer has been exporting its leather production to the world for more than nine decades. The constant control over all areas - from the selection of raw materials to the different stages of production - reflects that the company has a first-rate reputation in the world's main markets<\/p>\n<\/div><\/div>\n<div class=\"section-full-width section-dark parallax-fixed\" style=\"background-color:#252525;\" id=\"section-3\"><div style=\"background-image:url(https:\/\/www.magromer.com\/wp-content\/uploads\/2020\/11\/2.jpg); opacity:0.6; filter: alpha(opacity=60);\" class=\"full-bg-image\" ><\/div><div class=\"section-boxed\" style=\"color:#ffffff;\"><\/p>\n<h1 style=\"text-align: center;\"><img loading=\"lazy\" decoding=\"async\" class=\"img-frame aligncenter\" src=\"https:\/\/www.magromer.com\/wp-content\/uploads\/2020\/07\/1-02.png\" width=\"42\" height=\"57\" \/><strong>OR\u00cdGENES<\/strong><\/h1>\n<h1 style=\"text-align: center;\"><strong><img loading=\"lazy\" decoding=\"async\" class=\"img-frame aligncenter\" src=\"https:\/\/www.magromer.com\/wp-content\/uploads\/2020\/07\/1-02.png\" width=\"35\" height=\"48\" \/><\/strong><\/h1>\n<p>\n<\/div><\/div>\n<div class=\"section-full-width section-light\" style=\"background-color:#f7f7f7;\" id=\"section-4\"><div class=\"section-boxed\" style=\"color:#777777;\"><\/p>\n<div class=\"cols-wrapper cols-2\">\n<div class=\"col\">\n<p><strong>Among the numerous immigrants who arrived in the country at the beginning of the 20th century, a large number of technicians specialized in the treatment and production of skins arrived. Among them was Mr. Leon Grozovsky, born in Minsk, Belarus, a traditional fur-producing area. Being a man of advanced ideas, Le\u00f3n Grozovsky began working in an industrial plant where he adapted his skills in handling different varieties of skins to those usual in his motherland.\u00a0<\/strong><\/p>\n<div id=\"pie\"><\/div>\n<\/div>\n<div class=\"col nomargin\">\n<p><strong>Despite the fact that there were already some establishments that sold hides and leather, industrialization was practically non-existent. In 1927, despite the world depression, Grozovsky decided to create his own company, which was later the origin of Industrias Magromer Cueros y Pieles SA. These days, the company has its third generation integrating the board, being one of the most prestigious in the sector, both nationally and internationally.<\/strong><\/p>\n<\/div>\n<\/div>\n<p>\n<\/div><\/div>\n<div class=\"section-full-width section-light\" style=\"background-color:#ffffff;\" id=\"procesos\"><div class=\"section-boxed\" style=\"color:#000000;\"><h2 class=\"section-title\" style=\"color:#252525;\">PROCESSES<\/h2><\/p>\n<div class=\"cols-wrapper cols-3\">\n<div class=\"col\">\n<h2 class=\"titulos\"><span style=\"color: #000000;\"><strong>Raw material origins: selection, control and classification<\/strong><\/span><\/h2>\n<hr \/>\n<p>All the leathers processed by Magromer come from the refrigeration industry as a by-product of the food industry.<\/p>\n<p>They are obtained after a rigorous selection.<\/p>\n<p>The leathers of lambs and cowhides are selected from different Abattoirs in Argentine Patagonia, England and New Zealand.<\/p>\n<p>The bovine hides come from Abattoirs located in the northern part of the country, since the most exotic bovines are found there, due to the diversity of colors they possess. Most of the raw hides are then classified by qualified personnel capable of selecting, identifying and inspecting hundreds of different types of hides according to their quality, size and color. It is at this stage where it is determined what final destination they will have. This strict control and classification guarantees the high final quality of Magromer's products.<\/p>\n<\/div>\n<div class=\"col\">\n<h2 class=\"titulos\"><span style=\"color: #000000;\"><strong>Tanned and dyed<\/strong><\/span><\/h2>\n<hr \/>\n<p>The tanning and dyeing plant is located in Mercedes, an area well known for the superior quality of its water, a necessity for the best quality of finish. The modern machinery of the tannery comes mainly from Germany, Spain, France and Italy, along with some designed by local industries. The various processes to which raw hides are subjected are carried out by specialized Argentine operators, supervised by technicians with extensive experience and knowledge of each of the processes. In addition to being carried out under strict quality control that ensures solid results.<\/p>\n<h2><span style=\"color: #000000;\"><strong>Product manufacturing<\/strong><\/span><\/h2>\n<hr \/>\n<p>Magromer has a wide sector, equipped with advanced technology machinery, in which skilled local operators have specialized. This specialization has developed a particular style, highly demanded by buyers from the different countries to which the merchandise is exported. The excellent quality is assured by the use of modern manufacturing techniques.<\/p>\n<p>There is an increasing demand for finished articles, as customers notice the perfection in the quality and in the preparation of Magromer's products.<\/p>\n<\/div>\n<div class=\"col nomargin\">\n<h2><span style=\"color: #000000;\"><strong>Design<\/strong><\/span><\/h2>\n<hr \/>\n<p>The new models are developed by the company's design area. The details are strictly taken care of in order to maintain quality in each of the products made. Constant control over all areas shows that Magromer has managed to maintain a reputation for excellence among clients in different markets.<\/p>\n<\/div>\n<\/div>\n<p>\n<\/div><\/div>\n<div class=\"section-full-width section-dark parallax-fixed\" style=\"background-color:#000236;\" id=\"section-5\"><div style=\"background-image:url(https:\/\/www.magromer.com\/wp-content\/uploads\/2020\/11\/piletas.jpg); opacity:0.7; filter: alpha(opacity=70);\" class=\"full-bg-image\" ><\/div><div class=\"section-boxed\" style=\"color:#ffffff;\"><\/p>\n<p><img loading=\"lazy\" decoding=\"async\" class=\"img-frame aligncenter\" src=\"https:\/\/www.magromer.com\/wp-content\/uploads\/2020\/07\/1-02.png\" width=\"154\" height=\"212\" \/><\/p>\n<p>&nbsp;<\/p>\n<p>\n<\/div><\/div>\n<div class=\"section-full-width section-light2\" style=\"background-color:#ffffff;\" id=\"section-6\"><div class=\"section-boxed\" style=\"color:#777777;\"><\/p>\n<div class=\"cols-wrapper cols-4\">\n<div class=\"col\">\n<p><strong>Quality<\/strong><\/p>\n<p>All Magromer products are subject to strict quality control throughout the production process, starting with the initial classification of the leathers that have just arrived from their places of origin and ending with the final selection to verify that the product is of export quality. This important step is in the hands of skilled experts, capable of detecting the smallest defect in a skin or leather, thus ensuring a constant quality aimed at satisfying the needs and expectations of customers.<\/p>\n<\/div>\n<div class=\"col\">\n<p class=\"titulos\"><strong>Export products<\/strong><\/p>\n<p>For more than 93 years, Magromer has been exporting its production of sustainable leather to the rest of the world. The leathers receive a final inspection before being prepared and packed in specially made boxes for distribution around the world. Many of them are sent to be used in making garments, collars, footwear or for home decoration. Magromer leathers are requested by the most demanding international buyers, large industrialists and specialists around the world, having successfully passed the most rigorous tests they have been subjected to.<\/p>\n<\/div>\n<div class=\"col\">\n<p class=\"titulos\"><strong>Laboratory<\/strong><\/p>\n<p>Industrias Magromer has a widely equipped laboratory and highly trained personnel, where techniques are developed and tests are carried out with the constant objective of developing new practices that significantly benefit quality standards in each of the production processes and in the products. finished.<\/p>\n<\/div>\n<div class=\"col nomargin\">\n<p class=\"titulos\"><strong>Certifications<br \/>\n<\/strong><\/p>\n<p><strong>Gesti\u00f3n de Normas ISO y otras<\/strong><\/p>\n<p>Nuestra empresa est\u00e1 certificada con la norma ISO 14001:2015 de Gesti\u00f3n Ambiental. La certificaci\u00f3n de las normas, que ha conseguido Industrias Magromer indica que ha alcanzado el cumplimiento de los requisitos dicta la misma. Les asegura a sus proveedores, clientes y dem\u00e1s partes interesadas, la estandarizaci\u00f3n de sus procesos, de sus productos, el cumplimiento de la legislaci\u00f3n ambiental y el compromiso con la protecci\u00f3n ambiental. Adem\u00e1s, Industrias Magromer contin\u00faa evolucionando respecto de su Sistema de Gesti\u00f3n ambiental y mantiene el cumplimiento de los requisitos de la norma de calidad ISO 9001:2015 y la norma ISO 28000:2022 de seguridad en la cadena de suministro.<\/p>\n<p><strong>Oeko Tex Leather Standard<\/strong><\/p>\n<p>Industrias Magromer, is certified in OEKO TEX LEATHER STANDARD CLASS 1, for specific wool articles. This certification ensures that these articles are free of prohibited chemical substances, guaranteeing safety for consumers.<\/p>\n<\/div>\n<\/div>\n<p><img loading=\"lazy\" decoding=\"async\" class=\"wp-image-6641 aligncenter\" src=\"https:\/\/www.magromer.com\/wp-content\/uploads\/2024\/10\/iso14001.png\" alt=\"\" width=\"129\" height=\"223\" \/><br \/>\n<img loading=\"lazy\" decoding=\"async\" class=\"size-medium wp-image-7335 aligncenter\" src=\"https:\/\/www.magromer.com\/wp-content\/uploads\/2026\/03\/Boilerplate-Supplier-amfori-landscape-1200x263.jpg\" alt=\"\" width=\"1200\" height=\"263\" srcset=\"https:\/\/www.magromer.com\/wp-content\/uploads\/2026\/03\/Boilerplate-Supplier-amfori-landscape-1200x263.jpg 1200w, https:\/\/www.magromer.com\/wp-content\/uploads\/2026\/03\/Boilerplate-Supplier-amfori-landscape-768x169.jpg 768w, https:\/\/www.magromer.com\/wp-content\/uploads\/2026\/03\/Boilerplate-Supplier-amfori-landscape-18x4.jpg 18w, https:\/\/www.magromer.com\/wp-content\/uploads\/2026\/03\/Boilerplate-Supplier-amfori-landscape.jpg 1280w\" sizes=\"auto, (max-width: 1200px) 100vw, 1200px\" \/><\/p>\n<p style=\"text-align: center;\"><strong>CUSTOMER PROTOCOLS<\/strong><\/p>\n<p>Focusing on customers with the highest global quality standards, Industrias Magromer entails complying with Customer Protocols that are highly demanding in sustainability, standardization of processes and products with constant audits.<br \/>\nAdoptamos un sistema de gestion social con efecto cascada, comunicando la adhesi\u00f3n al codigo de conducta de amfori BSCI en toda la empresa, asi como sus clientes, proveedores y a los grupos de interes pertinentes<\/p>\n<p>\n<\/div><\/div>\n<div class=\"section-full-width section-dark\" style=\"background-color:#000000;\" id=\"section-7\"><div class=\"section-boxed\" style=\"color:#ffffff;\"><\/p>\n<p style=\"text-align: center;\"><span style=\"color: #000000;\"><a class=\"button\" style=\"background-color: #ffffff; color: #000000;\" href=\"https:\/\/www.magromer.com\/wp-content\/uploads\/2020\/08\/POLITICA-CALIDAD-Y-MEDIO-AMBIENTE.pdf\" target=\"_blank\" rel=\"noopener noreferrer\">DOWNLOAD QUALITY AND ENVIRONMENT POLICY<\/a><\/span><\/p>\n<p>\n<\/div><\/div>\n<div class=\"section-full-width section-dark\" style=\"background-color:#000000;\" id=\"section-8\"><div class=\"section-boxed\" style=\"color:#ffffff;\"><\/p>\n<p style=\"text-align: center;\"><span style=\"color: #000000;\"><a class=\"button\" style=\"background-color: #ffffff; color: #000000;\" href=\"https:\/\/www.magromer.com\/wp-content\/uploads\/2020\/08\/Pol\u00edtica-de-seguridad-en-la-cadena-de-suministros.pdf\" target=\"_blank\" rel=\"noopener noreferrer\">DOWNLOAD SECURITY POLICY IN THE SUPPLY CHAIN<\/a><\/span><\/p>\n<p>\n<\/div><\/div>\n<div class=\"section-full-width section-dark\" style=\"background-color:#000000;\" id=\"section-9\"><div class=\"section-boxed\" style=\"color:#ffffff;\"><\/p>\n<p style=\"text-align: center;\"><span style=\"color: #000000;\"><a class=\"button\" style=\"background-color: #ffffff; color: #000000;\" href=\"https:\/\/www.magromer.com\/wp-content\/uploads\/2025\/10\/Politica-de-Responsabilidad-Social-Derechos-Humanos-2023-V3.pdf\" target=\"_blank\" rel=\"noopener noreferrer\">DESCARGAR POLITICA DE RESPONSABILIDAD SOCIAL<\/a><\/span><\/p>\n<p>\n<\/div><\/div>\n<div class=\"section-full-width section-dark\" style=\"background-color:#000000;\" id=\"section-10\"><div class=\"section-boxed\" style=\"color:#ffffff;\"><\/p>\n<p style=\"text-align: center;\"><span style=\"color: #000000;\"><a class=\"button\" style=\"background-color: #ffffff; color: #000000;\" href=\"https:\/\/www.magromer.com\/wp-content\/uploads\/2026\/03\/Amfori-BSCI-Codigo-de-conducta.pdf\" target=\"_blank\" rel=\"noopener noreferrer\">DESCARGAR CODIGO DE CONDUCTA BSCI<\/a><\/span><\/p>\n<p>\n<\/div><\/div>","protected":false},"excerpt":{"rendered":"","protected":false},"author":3,"featured_media":0,"parent":0,"menu_order":0,"comment_status":"closed","ping_status":"closed","template":"template-full-custom.php","meta":{"footnotes":""},"class_list":["post-146","page","type-page","status-publish","hentry"],"yoast_head":"<!-- This site is optimized with the Yoast SEO plugin v27.1.1 - https:\/\/yoast.com\/product\/yoast-seo-wordpress\/ -->\n<title>Nosotros About Us - Industrias Magromer<\/title>\n<meta name=\"description\" content=\"We are a leading company with a history in the production of sustainable leathers at a global level, we try to satisfy the needs of each of our clients in the world.\" \/>\n<meta name=\"robots\" content=\"index, follow, max-snippet:-1, max-image-preview:large, max-video-preview:-1\" \/>\n<link rel=\"canonical\" href=\"https:\/\/www.magromer.com\/en\/magromer\/\" \/>\n<meta property=\"og:locale\" content=\"en_US\" \/>\n<meta property=\"og:type\" content=\"article\" \/>\n<meta property=\"og:title\" content=\"Nosotros About Us - Industrias Magromer\" \/>\n<meta property=\"og:description\" content=\"We are a leading company with a history in the production of sustainable leathers at a global level, we try to satisfy the needs of each of our clients in the world.\" \/>\n<meta property=\"og:url\" content=\"https:\/\/www.magromer.com\/en\/magromer\/\" \/>\n<meta property=\"og:site_name\" content=\"Industrias Magromer\" \/>\n<meta property=\"article:modified_time\" content=\"2026-03-17T17:08:53+00:00\" \/>\n<meta property=\"og:image\" content=\"https:\/\/www.magromer.com\/wp-content\/uploads\/2020\/06\/1-01.png\" \/>\n<meta name=\"twitter:card\" content=\"summary_large_image\" \/>\n<meta name=\"twitter:label1\" content=\"Est. reading time\" \/>\n\t<meta name=\"twitter:data1\" content=\"8 minutes\" \/>\n<script type=\"application\/ld+json\" class=\"yoast-schema-graph\">{\"@context\":\"https:\/\/schema.org\",\"@graph\":[{\"@type\":\"WebPage\",\"@id\":\"https:\/\/www.magromer.com\/magromer\/\",\"url\":\"https:\/\/www.magromer.com\/magromer\/\",\"name\":\"Nosotros About Us - Industrias Magromer\",\"isPartOf\":{\"@id\":\"https:\/\/www.magromer.com\/#website\"},\"primaryImageOfPage\":{\"@id\":\"https:\/\/www.magromer.com\/magromer\/#primaryimage\"},\"image\":{\"@id\":\"https:\/\/www.magromer.com\/magromer\/#primaryimage\"},\"thumbnailUrl\":\"https:\/\/www.magromer.com\/wp-content\/uploads\/2020\/06\/1-01.png\",\"datePublished\":\"2020-06-02T15:57:34+00:00\",\"dateModified\":\"2026-03-17T17:08:53+00:00\",\"description\":\"We are a leading company with a history in the production of sustainable leathers at a global level, we try to satisfy the needs of each of our clients in the world.\",\"inLanguage\":\"en-US\",\"potentialAction\":[{\"@type\":\"ReadAction\",\"target\":[\"https:\/\/www.magromer.com\/magromer\/\"]}]},{\"@type\":\"ImageObject\",\"inLanguage\":\"en-US\",\"@id\":\"https:\/\/www.magromer.com\/magromer\/#primaryimage\",\"url\":\"https:\/\/www.magromer.com\/wp-content\/uploads\/2020\/06\/1-01.png\",\"contentUrl\":\"https:\/\/www.magromer.com\/wp-content\/uploads\/2020\/06\/1-01.png\"},{\"@type\":\"WebSite\",\"@id\":\"https:\/\/www.magromer.com\/#website\",\"url\":\"https:\/\/www.magromer.com\/\",\"name\":\"Industrias Magromer\",\"description\":\"Estilo y Calidad\",\"publisher\":{\"@id\":\"https:\/\/www.magromer.com\/#organization\"},\"potentialAction\":[{\"@type\":\"SearchAction\",\"target\":{\"@type\":\"EntryPoint\",\"urlTemplate\":\"https:\/\/www.magromer.com\/?s={search_term_string}\"},\"query-input\":{\"@type\":\"PropertyValueSpecification\",\"valueRequired\":true,\"valueName\":\"search_term_string\"}}],\"inLanguage\":\"en-US\"},{\"@type\":\"Organization\",\"@id\":\"https:\/\/www.magromer.com\/#organization\",\"name\":\"Industrias Magromer Cueros y Pieles\",\"url\":\"https:\/\/www.magromer.com\/\",\"logo\":{\"@type\":\"ImageObject\",\"inLanguage\":\"en-US\",\"@id\":\"https:\/\/www.magromer.com\/#\/schema\/logo\/image\/\",\"url\":\"https:\/\/www.magromer.com\/wp-content\/uploads\/2020\/06\/Logo-Convertido-01.png\",\"contentUrl\":\"https:\/\/www.magromer.com\/wp-content\/uploads\/2020\/06\/Logo-Convertido-01.png\",\"width\":1313,\"height\":1692,\"caption\":\"Industrias Magromer Cueros y Pieles\"},\"image\":{\"@id\":\"https:\/\/www.magromer.com\/#\/schema\/logo\/image\/\"}}]}<\/script>\n<!-- \/ Yoast SEO plugin. -->","yoast_head_json":{"title":"Nosotros About Us - Industrias Magromer","description":"We are a leading company with a history in the production of sustainable leathers at a global level, we try to satisfy the needs of each of our clients in the world.","robots":{"index":"index","follow":"follow","max-snippet":"max-snippet:-1","max-image-preview":"max-image-preview:large","max-video-preview":"max-video-preview:-1"},"canonical":"https:\/\/www.magromer.com\/en\/magromer\/","og_locale":"en_US","og_type":"article","og_title":"Nosotros About Us - Industrias Magromer","og_description":"We are a leading company with a history in the production of sustainable leathers at a global level, we try to satisfy the needs of each of our clients in the world.","og_url":"https:\/\/www.magromer.com\/en\/magromer\/","og_site_name":"Industrias Magromer","article_modified_time":"2026-03-17T17:08:53+00:00","og_image":[{"url":"https:\/\/www.magromer.com\/wp-content\/uploads\/2020\/06\/1-01.png","type":"","width":"","height":""}],"twitter_card":"summary_large_image","twitter_misc":{"Est. reading time":"8 minutes"},"schema":{"@context":"https:\/\/schema.org","@graph":[{"@type":"WebPage","@id":"https:\/\/www.magromer.com\/magromer\/","url":"https:\/\/www.magromer.com\/magromer\/","name":"Nosotros About Us - Industrias Magromer","isPartOf":{"@id":"https:\/\/www.magromer.com\/#website"},"primaryImageOfPage":{"@id":"https:\/\/www.magromer.com\/magromer\/#primaryimage"},"image":{"@id":"https:\/\/www.magromer.com\/magromer\/#primaryimage"},"thumbnailUrl":"https:\/\/www.magromer.com\/wp-content\/uploads\/2020\/06\/1-01.png","datePublished":"2020-06-02T15:57:34+00:00","dateModified":"2026-03-17T17:08:53+00:00","description":"We are a leading company with a history in the production of sustainable leathers at a global level, we try to satisfy the needs of each of our clients in the world.","inLanguage":"en-US","potentialAction":[{"@type":"ReadAction","target":["https:\/\/www.magromer.com\/magromer\/"]}]},{"@type":"ImageObject","inLanguage":"en-US","@id":"https:\/\/www.magromer.com\/magromer\/#primaryimage","url":"https:\/\/www.magromer.com\/wp-content\/uploads\/2020\/06\/1-01.png","contentUrl":"https:\/\/www.magromer.com\/wp-content\/uploads\/2020\/06\/1-01.png"},{"@type":"WebSite","@id":"https:\/\/www.magromer.com\/#website","url":"https:\/\/www.magromer.com\/","name":"Industrias Magromer","description":"Estilo y Calidad","publisher":{"@id":"https:\/\/www.magromer.com\/#organization"},"potentialAction":[{"@type":"SearchAction","target":{"@type":"EntryPoint","urlTemplate":"https:\/\/www.magromer.com\/?s={search_term_string}"},"query-input":{"@type":"PropertyValueSpecification","valueRequired":true,"valueName":"search_term_string"}}],"inLanguage":"en-US"},{"@type":"Organization","@id":"https:\/\/www.magromer.com\/#organization","name":"Industrias Magromer Cueros y Pieles","url":"https:\/\/www.magromer.com\/","logo":{"@type":"ImageObject","inLanguage":"en-US","@id":"https:\/\/www.magromer.com\/#\/schema\/logo\/image\/","url":"https:\/\/www.magromer.com\/wp-content\/uploads\/2020\/06\/Logo-Convertido-01.png","contentUrl":"https:\/\/www.magromer.com\/wp-content\/uploads\/2020\/06\/Logo-Convertido-01.png","width":1313,"height":1692,"caption":"Industrias Magromer Cueros y Pieles"},"image":{"@id":"https:\/\/www.magromer.com\/#\/schema\/logo\/image\/"}}]}},"_links":{"self":[{"href":"https:\/\/www.magromer.com\/en\/wp-json\/wp\/v2\/pages\/146","targetHints":{"allow":["GET"]}}],"collection":[{"href":"https:\/\/www.magromer.com\/en\/wp-json\/wp\/v2\/pages"}],"about":[{"href":"https:\/\/www.magromer.com\/en\/wp-json\/wp\/v2\/types\/page"}],"author":[{"embeddable":true,"href":"https:\/\/www.magromer.com\/en\/wp-json\/wp\/v2\/users\/3"}],"replies":[{"embeddable":true,"href":"https:\/\/www.magromer.com\/en\/wp-json\/wp\/v2\/comments?post=146"}],"version-history":[{"count":20,"href":"https:\/\/www.magromer.com\/en\/wp-json\/wp\/v2\/pages\/146\/revisions"}],"predecessor-version":[{"id":7336,"href":"https:\/\/www.magromer.com\/en\/wp-json\/wp\/v2\/pages\/146\/revisions\/7336"}],"wp:attachment":[{"href":"https:\/\/www.magromer.com\/en\/wp-json\/wp\/v2\/media?parent=146"}],"curies":[{"name":"wp","href":"https:\/\/api.w.org\/{rel}","templated":true}]}}