{"id":1025,"date":"2020-07-08T13:13:09","date_gmt":"2020-07-08T13:13:09","guid":{"rendered":"https:\/\/www.magromer.com\/home\/?post_type=product&#038;p=1025"},"modified":"2024-02-02T19:54:15","modified_gmt":"2024-02-02T19:54:15","slug":"almohadones-de-cuero-vacuno-gamuza","status":"publish","type":"product","link":"https:\/\/www.magromer.com\/en\/product\/almohadones-de-cuero-vacuno-gamuza\/","title":{"rendered":"Suede Cushion Cowhide 50*50"},"content":{"rendered":"","protected":false},"excerpt":{"rendered":"<p>Suede-style cowhide cushions. Designed to give your home a unique appeal. Features a single-toned pastel Patch design to add the modern, cozy touch your home needs.<\/p>\n<p class=\"translation-block\">Premium quality. Made in Argentina. <br>\nMaintenance: Dry cleaning.<\/p>","protected":false},"featured_media":3766,"template":"","meta":[],"product_brand":[],"product_cat":[21],"product_tag":[66,777],"class_list":{"0":"post-1025","1":"product","2":"type-product","3":"status-publish","4":"has-post-thumbnail","6":"product_cat-vacuno","7":"product_tag-almohadones","8":"product_tag-decoracion-de-interiores","9":"pa_almohadones-gamuza-beige","10":"pa_almohadones-gamuza-gris","11":"pa_almohadones-gamuza-marron","12":"pa_almohadones-gamuza-mosaico-azul","13":"pa_almohadones-gamuza-mosaico-beige","14":"pa_almohadones-gamuza-mosaico-beige-claro","15":"pa_almohadones-gamuza-mosaico-gris","16":"pa_almohadones-gamuza-mosaico-marron","17":"pa_almohadones-gamuza-mosaico-negro","18":"pa_almohadones-gamuza-pano-azul","19":"pa_almohadones-gamuza-pano-beige","20":"pa_almohadones-gamuza-pano-beige-claro","21":"pa_almohadones-gamuza-pano-gris","22":"pa_almohadones-gamuza-pano-marron","23":"pa_almohadones-gamuza-pano-negro","25":"first","26":"instock","27":"shipping-taxable","28":"purchasable","29":"product-type-variable"},"yoast_head":"<!-- This site is optimized with the Yoast SEO plugin v27.1.1 - https:\/\/yoast.com\/product\/yoast-seo-wordpress\/ -->\n<title>Almohadones de Cuero Vacuno Gamuza 50x50 - Industrias Magromer<\/title>\n<meta name=\"robots\" content=\"index, follow, max-snippet:-1, max-image-preview:large, max-video-preview:-1\" \/>\n<link rel=\"canonical\" href=\"https:\/\/www.magromer.com\/en\/product\/almohadones-de-cuero-vacuno-gamuza\/\" \/>\n<meta property=\"og:locale\" content=\"en_US\" \/>\n<meta property=\"og:type\" content=\"article\" \/>\n<meta property=\"og:title\" content=\"Almohadones de Cuero Vacuno Gamuza 50x50 - Industrias Magromer\" \/>\n<meta property=\"og:description\" content=\"Almohadones de cuero vacuno estilo gamuza. Dise\u00f1ados para brindarle a su hogar un atractivo \u00fanico. Presenta un dise\u00f1o Patch de un solo tono de colores pastel para agregar el toque moderno y acogedor que tu hogar necesita.  Calidad Premium. Hecho en Argentina. Mantenimiento: Limpieza en seco.\" \/>\n<meta property=\"og:url\" content=\"https:\/\/www.magromer.com\/en\/product\/almohadones-de-cuero-vacuno-gamuza\/\" \/>\n<meta property=\"og:site_name\" content=\"Industrias Magromer\" \/>\n<meta property=\"article:modified_time\" content=\"2024-02-02T19:54:15+00:00\" \/>\n<meta property=\"og:image\" content=\"https:\/\/www.magromer.com\/wp-content\/uploads\/2020\/07\/Almohada-Gamuza-India.jpg\" \/>\n\t<meta property=\"og:image:width\" content=\"600\" \/>\n\t<meta property=\"og:image:height\" content=\"600\" \/>\n\t<meta property=\"og:image:type\" content=\"image\/jpeg\" \/>\n<meta name=\"twitter:card\" content=\"summary_large_image\" \/>\n<script type=\"application\/ld+json\" class=\"yoast-schema-graph\">{\"@context\":\"https:\/\/schema.org\",\"@graph\":[{\"@type\":\"WebPage\",\"@id\":\"https:\/\/www.magromer.com\/product\/almohadones-de-cuero-vacuno-gamuza\/\",\"url\":\"https:\/\/www.magromer.com\/product\/almohadones-de-cuero-vacuno-gamuza\/\",\"name\":\"Almohadones de Cuero Vacuno Gamuza 50x50 - Industrias Magromer\",\"isPartOf\":{\"@id\":\"https:\/\/www.magromer.com\/#website\"},\"primaryImageOfPage\":{\"@id\":\"https:\/\/www.magromer.com\/product\/almohadones-de-cuero-vacuno-gamuza\/#primaryimage\"},\"image\":{\"@id\":\"https:\/\/www.magromer.com\/product\/almohadones-de-cuero-vacuno-gamuza\/#primaryimage\"},\"thumbnailUrl\":\"https:\/\/www.magromer.com\/wp-content\/uploads\/2020\/07\/Almohada-Gamuza-India.jpg\",\"datePublished\":\"2020-07-08T13:13:09+00:00\",\"dateModified\":\"2024-02-02T19:54:15+00:00\",\"breadcrumb\":{\"@id\":\"https:\/\/www.magromer.com\/product\/almohadones-de-cuero-vacuno-gamuza\/#breadcrumb\"},\"inLanguage\":\"en-US\",\"potentialAction\":[{\"@type\":\"ReadAction\",\"target\":[\"https:\/\/www.magromer.com\/product\/almohadones-de-cuero-vacuno-gamuza\/\"]}]},{\"@type\":\"ImageObject\",\"inLanguage\":\"en-US\",\"@id\":\"https:\/\/www.magromer.com\/product\/almohadones-de-cuero-vacuno-gamuza\/#primaryimage\",\"url\":\"https:\/\/www.magromer.com\/wp-content\/uploads\/2020\/07\/Almohada-Gamuza-India.jpg\",\"contentUrl\":\"https:\/\/www.magromer.com\/wp-content\/uploads\/2020\/07\/Almohada-Gamuza-India.jpg\",\"width\":600,\"height\":600},{\"@type\":\"BreadcrumbList\",\"@id\":\"https:\/\/www.magromer.com\/product\/almohadones-de-cuero-vacuno-gamuza\/#breadcrumb\",\"itemListElement\":[{\"@type\":\"ListItem\",\"position\":1,\"name\":\"Home\",\"item\":\"https:\/\/www.magromer.com\/\"},{\"@type\":\"ListItem\",\"position\":2,\"name\":\"Productos\",\"item\":\"https:\/\/www.magromer.com\/shop\/\"},{\"@type\":\"ListItem\",\"position\":3,\"name\":\"Almohadones de Cuero Vacuno Gamuza 50&#215;50\"}]},{\"@type\":\"WebSite\",\"@id\":\"https:\/\/www.magromer.com\/#website\",\"url\":\"https:\/\/www.magromer.com\/\",\"name\":\"Industrias Magromer\",\"description\":\"Estilo y Calidad\",\"publisher\":{\"@id\":\"https:\/\/www.magromer.com\/#organization\"},\"potentialAction\":[{\"@type\":\"SearchAction\",\"target\":{\"@type\":\"EntryPoint\",\"urlTemplate\":\"https:\/\/www.magromer.com\/?s={search_term_string}\"},\"query-input\":{\"@type\":\"PropertyValueSpecification\",\"valueRequired\":true,\"valueName\":\"search_term_string\"}}],\"inLanguage\":\"en-US\"},{\"@type\":\"Organization\",\"@id\":\"https:\/\/www.magromer.com\/#organization\",\"name\":\"Industrias Magromer Cueros y Pieles\",\"url\":\"https:\/\/www.magromer.com\/\",\"logo\":{\"@type\":\"ImageObject\",\"inLanguage\":\"en-US\",\"@id\":\"https:\/\/www.magromer.com\/#\/schema\/logo\/image\/\",\"url\":\"https:\/\/www.magromer.com\/wp-content\/uploads\/2020\/06\/Logo-Convertido-01.png\",\"contentUrl\":\"https:\/\/www.magromer.com\/wp-content\/uploads\/2020\/06\/Logo-Convertido-01.png\",\"width\":1313,\"height\":1692,\"caption\":\"Industrias Magromer Cueros y Pieles\"},\"image\":{\"@id\":\"https:\/\/www.magromer.com\/#\/schema\/logo\/image\/\"}}]}<\/script>\n<!-- \/ Yoast SEO plugin. -->","yoast_head_json":{"title":"Almohadones de Cuero Vacuno Gamuza 50x50 - Industrias Magromer","robots":{"index":"index","follow":"follow","max-snippet":"max-snippet:-1","max-image-preview":"max-image-preview:large","max-video-preview":"max-video-preview:-1"},"canonical":"https:\/\/www.magromer.com\/en\/product\/almohadones-de-cuero-vacuno-gamuza\/","og_locale":"en_US","og_type":"article","og_title":"Almohadones de Cuero Vacuno Gamuza 50x50 - Industrias Magromer","og_description":"Almohadones de cuero vacuno estilo gamuza. Dise\u00f1ados para brindarle a su hogar un atractivo \u00fanico. Presenta un dise\u00f1o Patch de un solo tono de colores pastel para agregar el toque moderno y acogedor que tu hogar necesita.  Calidad Premium. Hecho en Argentina. Mantenimiento: Limpieza en seco.","og_url":"https:\/\/www.magromer.com\/en\/product\/almohadones-de-cuero-vacuno-gamuza\/","og_site_name":"Industrias Magromer","article_modified_time":"2024-02-02T19:54:15+00:00","og_image":[{"width":600,"height":600,"url":"https:\/\/www.magromer.com\/wp-content\/uploads\/2020\/07\/Almohada-Gamuza-India.jpg","type":"image\/jpeg"}],"twitter_card":"summary_large_image","schema":{"@context":"https:\/\/schema.org","@graph":[{"@type":"WebPage","@id":"https:\/\/www.magromer.com\/product\/almohadones-de-cuero-vacuno-gamuza\/","url":"https:\/\/www.magromer.com\/product\/almohadones-de-cuero-vacuno-gamuza\/","name":"Almohadones de Cuero Vacuno Gamuza 50x50 - Industrias Magromer","isPartOf":{"@id":"https:\/\/www.magromer.com\/#website"},"primaryImageOfPage":{"@id":"https:\/\/www.magromer.com\/product\/almohadones-de-cuero-vacuno-gamuza\/#primaryimage"},"image":{"@id":"https:\/\/www.magromer.com\/product\/almohadones-de-cuero-vacuno-gamuza\/#primaryimage"},"thumbnailUrl":"https:\/\/www.magromer.com\/wp-content\/uploads\/2020\/07\/Almohada-Gamuza-India.jpg","datePublished":"2020-07-08T13:13:09+00:00","dateModified":"2024-02-02T19:54:15+00:00","breadcrumb":{"@id":"https:\/\/www.magromer.com\/product\/almohadones-de-cuero-vacuno-gamuza\/#breadcrumb"},"inLanguage":"en-US","potentialAction":[{"@type":"ReadAction","target":["https:\/\/www.magromer.com\/product\/almohadones-de-cuero-vacuno-gamuza\/"]}]},{"@type":"ImageObject","inLanguage":"en-US","@id":"https:\/\/www.magromer.com\/product\/almohadones-de-cuero-vacuno-gamuza\/#primaryimage","url":"https:\/\/www.magromer.com\/wp-content\/uploads\/2020\/07\/Almohada-Gamuza-India.jpg","contentUrl":"https:\/\/www.magromer.com\/wp-content\/uploads\/2020\/07\/Almohada-Gamuza-India.jpg","width":600,"height":600},{"@type":"BreadcrumbList","@id":"https:\/\/www.magromer.com\/product\/almohadones-de-cuero-vacuno-gamuza\/#breadcrumb","itemListElement":[{"@type":"ListItem","position":1,"name":"Home","item":"https:\/\/www.magromer.com\/"},{"@type":"ListItem","position":2,"name":"Productos","item":"https:\/\/www.magromer.com\/shop\/"},{"@type":"ListItem","position":3,"name":"Almohadones de Cuero Vacuno Gamuza 50&#215;50"}]},{"@type":"WebSite","@id":"https:\/\/www.magromer.com\/#website","url":"https:\/\/www.magromer.com\/","name":"Industrias Magromer","description":"Estilo y Calidad","publisher":{"@id":"https:\/\/www.magromer.com\/#organization"},"potentialAction":[{"@type":"SearchAction","target":{"@type":"EntryPoint","urlTemplate":"https:\/\/www.magromer.com\/?s={search_term_string}"},"query-input":{"@type":"PropertyValueSpecification","valueRequired":true,"valueName":"search_term_string"}}],"inLanguage":"en-US"},{"@type":"Organization","@id":"https:\/\/www.magromer.com\/#organization","name":"Industrias Magromer Cueros y Pieles","url":"https:\/\/www.magromer.com\/","logo":{"@type":"ImageObject","inLanguage":"en-US","@id":"https:\/\/www.magromer.com\/#\/schema\/logo\/image\/","url":"https:\/\/www.magromer.com\/wp-content\/uploads\/2020\/06\/Logo-Convertido-01.png","contentUrl":"https:\/\/www.magromer.com\/wp-content\/uploads\/2020\/06\/Logo-Convertido-01.png","width":1313,"height":1692,"caption":"Industrias Magromer Cueros y Pieles"},"image":{"@id":"https:\/\/www.magromer.com\/#\/schema\/logo\/image\/"}}]}},"_links":{"self":[{"href":"https:\/\/www.magromer.com\/en\/wp-json\/wp\/v2\/product\/1025","targetHints":{"allow":["GET"]}}],"collection":[{"href":"https:\/\/www.magromer.com\/en\/wp-json\/wp\/v2\/product"}],"about":[{"href":"https:\/\/www.magromer.com\/en\/wp-json\/wp\/v2\/types\/product"}],"wp:featuredmedia":[{"embeddable":true,"href":"https:\/\/www.magromer.com\/en\/wp-json\/wp\/v2\/media\/3766"}],"wp:attachment":[{"href":"https:\/\/www.magromer.com\/en\/wp-json\/wp\/v2\/media?parent=1025"}],"wp:term":[{"taxonomy":"product_brand","embeddable":true,"href":"https:\/\/www.magromer.com\/en\/wp-json\/wp\/v2\/product_brand?post=1025"},{"taxonomy":"product_cat","embeddable":true,"href":"https:\/\/www.magromer.com\/en\/wp-json\/wp\/v2\/product_cat?post=1025"},{"taxonomy":"product_tag","embeddable":true,"href":"https:\/\/www.magromer.com\/en\/wp-json\/wp\/v2\/product_tag?post=1025"}],"curies":[{"name":"wp","href":"https:\/\/api.w.org\/{rel}","templated":true}]}}