{"id":1062,"date":"2020-07-08T13:52:09","date_gmt":"2020-07-08T13:52:09","guid":{"rendered":"https:\/\/www.magromer.com\/home\/?post_type=product&#038;p=1062"},"modified":"2024-02-02T19:52:50","modified_gmt":"2024-02-02T19:52:50","slug":"alfombra-cuero-vacuno-modelo-ladrillos","status":"publish","type":"product","link":"https:\/\/www.magromer.com\/en\/product\/alfombra-cuero-vacuno-modelo-ladrillos\/","title":{"rendered":"brick style Cowhide rug"},"content":{"rendered":"","protected":false},"excerpt":{"rendered":"<p>Brick model cowhide rug, sewn with zigzag machine and cotton thread. Design inspired by the geometric repeating pattern of an English wall, made with 5x15cm cuts. Ideal for the living room of the home.<\/p>\n<p class=\"translation-block\">Premium quality. Made in Argentina. <br>\nMaintenance: Dry cleaning.<\/p>","protected":false},"featured_media":2944,"template":"","meta":[],"product_brand":[],"product_cat":[21],"product_tag":[64,777],"class_list":{"0":"post-1062","1":"product","2":"type-product","3":"status-publish","4":"has-post-thumbnail","6":"product_cat-vacuno","7":"product_tag-alfombras","8":"product_tag-decoracion-de-interiores","9":"pa_alfombras-vacuno-ladrillo-beige","10":"pa_alfombras-vacuno-ladrillo-blanco","11":"pa_alfombras-vacuno-ladrillo-gris","12":"pa_alfombras-vacuno-ladrillo-marron-y-blanco","13":"pa_alfombras-vacuno-ladrillo-negro-y-blanco","15":"first","16":"instock","17":"shipping-taxable","18":"purchasable","19":"product-type-variable"},"yoast_head":"<!-- This site is optimized with the Yoast SEO plugin v27.1.1 - https:\/\/yoast.com\/product\/yoast-seo-wordpress\/ -->\n<title>Alfombra Cuero Vacuno Modelo Ladrillos - Industrias Magromer<\/title>\n<meta name=\"robots\" content=\"index, follow, max-snippet:-1, max-image-preview:large, max-video-preview:-1\" \/>\n<link rel=\"canonical\" href=\"https:\/\/www.magromer.com\/en\/product\/alfombra-cuero-vacuno-modelo-ladrillos\/\" \/>\n<meta property=\"og:locale\" content=\"en_US\" \/>\n<meta property=\"og:type\" content=\"article\" \/>\n<meta property=\"og:title\" content=\"Alfombra Cuero Vacuno Modelo Ladrillos - Industrias Magromer\" \/>\n<meta property=\"og:description\" content=\"Alfombra de cuero vacuno modelo Ladrillos, cosida con maquina zigzag e hilo de algod\u00f3n. Dise\u00f1o inspirado en el patr\u00f3n de repetici\u00f3n geom\u00e9trica de una pared inglesa, confeccionada con cortes de 5x15cm. Ideal para el living del hogar.  Calidad Premium. Hecho en Argentina. Mantenimiento: Limpieza en seco.\" \/>\n<meta property=\"og:url\" content=\"https:\/\/www.magromer.com\/en\/product\/alfombra-cuero-vacuno-modelo-ladrillos\/\" \/>\n<meta property=\"og:site_name\" content=\"Industrias Magromer\" \/>\n<meta property=\"article:modified_time\" content=\"2024-02-02T19:52:50+00:00\" \/>\n<meta property=\"og:image\" content=\"https:\/\/www.magromer.com\/wp-content\/uploads\/2020\/07\/Alfombra-de-cuero-de-vaca-Ladrillo.jpg\" \/>\n\t<meta property=\"og:image:width\" content=\"600\" \/>\n\t<meta property=\"og:image:height\" content=\"600\" \/>\n\t<meta property=\"og:image:type\" content=\"image\/jpeg\" \/>\n<meta name=\"twitter:card\" content=\"summary_large_image\" \/>\n<script type=\"application\/ld+json\" class=\"yoast-schema-graph\">{\"@context\":\"https:\/\/schema.org\",\"@graph\":[{\"@type\":\"WebPage\",\"@id\":\"https:\/\/www.magromer.com\/en\/product\/alfombra-cuero-vacuno-modelo-ladrillos\/\",\"url\":\"https:\/\/www.magromer.com\/en\/product\/alfombra-cuero-vacuno-modelo-ladrillos\/\",\"name\":\"Alfombra Cuero Vacuno Modelo Ladrillos - Industrias Magromer\",\"isPartOf\":{\"@id\":\"https:\/\/www.magromer.com\/#website\"},\"primaryImageOfPage\":{\"@id\":\"https:\/\/www.magromer.com\/en\/product\/alfombra-cuero-vacuno-modelo-ladrillos\/#primaryimage\"},\"image\":{\"@id\":\"https:\/\/www.magromer.com\/en\/product\/alfombra-cuero-vacuno-modelo-ladrillos\/#primaryimage\"},\"thumbnailUrl\":\"https:\/\/www.magromer.com\/wp-content\/uploads\/2020\/07\/Alfombra-de-cuero-de-vaca-Ladrillo.jpg\",\"datePublished\":\"2020-07-08T13:52:09+00:00\",\"dateModified\":\"2024-02-02T19:52:50+00:00\",\"breadcrumb\":{\"@id\":\"https:\/\/www.magromer.com\/en\/product\/alfombra-cuero-vacuno-modelo-ladrillos\/#breadcrumb\"},\"inLanguage\":\"en-US\",\"potentialAction\":[{\"@type\":\"ReadAction\",\"target\":[\"https:\/\/www.magromer.com\/en\/product\/alfombra-cuero-vacuno-modelo-ladrillos\/\"]}]},{\"@type\":\"ImageObject\",\"inLanguage\":\"en-US\",\"@id\":\"https:\/\/www.magromer.com\/en\/product\/alfombra-cuero-vacuno-modelo-ladrillos\/#primaryimage\",\"url\":\"https:\/\/www.magromer.com\/wp-content\/uploads\/2020\/07\/Alfombra-de-cuero-de-vaca-Ladrillo.jpg\",\"contentUrl\":\"https:\/\/www.magromer.com\/wp-content\/uploads\/2020\/07\/Alfombra-de-cuero-de-vaca-Ladrillo.jpg\",\"width\":600,\"height\":600},{\"@type\":\"BreadcrumbList\",\"@id\":\"https:\/\/www.magromer.com\/en\/product\/alfombra-cuero-vacuno-modelo-ladrillos\/#breadcrumb\",\"itemListElement\":[{\"@type\":\"ListItem\",\"position\":1,\"name\":\"Home\",\"item\":\"https:\/\/www.magromer.com\/\"},{\"@type\":\"ListItem\",\"position\":2,\"name\":\"Productos\",\"item\":\"https:\/\/www.magromer.com\/shop\/\"},{\"@type\":\"ListItem\",\"position\":3,\"name\":\"Alfombra Cuero Vacuno Modelo Ladrillos\"}]},{\"@type\":\"WebSite\",\"@id\":\"https:\/\/www.magromer.com\/#website\",\"url\":\"https:\/\/www.magromer.com\/\",\"name\":\"Industrias Magromer\",\"description\":\"Estilo y Calidad\",\"publisher\":{\"@id\":\"https:\/\/www.magromer.com\/#organization\"},\"potentialAction\":[{\"@type\":\"SearchAction\",\"target\":{\"@type\":\"EntryPoint\",\"urlTemplate\":\"https:\/\/www.magromer.com\/?s={search_term_string}\"},\"query-input\":{\"@type\":\"PropertyValueSpecification\",\"valueRequired\":true,\"valueName\":\"search_term_string\"}}],\"inLanguage\":\"en-US\"},{\"@type\":\"Organization\",\"@id\":\"https:\/\/www.magromer.com\/#organization\",\"name\":\"Industrias Magromer Cueros y Pieles\",\"url\":\"https:\/\/www.magromer.com\/\",\"logo\":{\"@type\":\"ImageObject\",\"inLanguage\":\"en-US\",\"@id\":\"https:\/\/www.magromer.com\/#\/schema\/logo\/image\/\",\"url\":\"https:\/\/www.magromer.com\/wp-content\/uploads\/2020\/06\/Logo-Convertido-01.png\",\"contentUrl\":\"https:\/\/www.magromer.com\/wp-content\/uploads\/2020\/06\/Logo-Convertido-01.png\",\"width\":1313,\"height\":1692,\"caption\":\"Industrias Magromer Cueros y Pieles\"},\"image\":{\"@id\":\"https:\/\/www.magromer.com\/#\/schema\/logo\/image\/\"}}]}<\/script>\n<!-- \/ Yoast SEO plugin. -->","yoast_head_json":{"title":"Alfombra Cuero Vacuno Modelo Ladrillos - Industrias Magromer","robots":{"index":"index","follow":"follow","max-snippet":"max-snippet:-1","max-image-preview":"max-image-preview:large","max-video-preview":"max-video-preview:-1"},"canonical":"https:\/\/www.magromer.com\/en\/product\/alfombra-cuero-vacuno-modelo-ladrillos\/","og_locale":"en_US","og_type":"article","og_title":"Alfombra Cuero Vacuno Modelo Ladrillos - Industrias Magromer","og_description":"Alfombra de cuero vacuno modelo Ladrillos, cosida con maquina zigzag e hilo de algod\u00f3n. Dise\u00f1o inspirado en el patr\u00f3n de repetici\u00f3n geom\u00e9trica de una pared inglesa, confeccionada con cortes de 5x15cm. Ideal para el living del hogar.  Calidad Premium. Hecho en Argentina. Mantenimiento: Limpieza en seco.","og_url":"https:\/\/www.magromer.com\/en\/product\/alfombra-cuero-vacuno-modelo-ladrillos\/","og_site_name":"Industrias Magromer","article_modified_time":"2024-02-02T19:52:50+00:00","og_image":[{"width":600,"height":600,"url":"https:\/\/www.magromer.com\/wp-content\/uploads\/2020\/07\/Alfombra-de-cuero-de-vaca-Ladrillo.jpg","type":"image\/jpeg"}],"twitter_card":"summary_large_image","schema":{"@context":"https:\/\/schema.org","@graph":[{"@type":"WebPage","@id":"https:\/\/www.magromer.com\/en\/product\/alfombra-cuero-vacuno-modelo-ladrillos\/","url":"https:\/\/www.magromer.com\/en\/product\/alfombra-cuero-vacuno-modelo-ladrillos\/","name":"Alfombra Cuero Vacuno Modelo Ladrillos - Industrias Magromer","isPartOf":{"@id":"https:\/\/www.magromer.com\/#website"},"primaryImageOfPage":{"@id":"https:\/\/www.magromer.com\/en\/product\/alfombra-cuero-vacuno-modelo-ladrillos\/#primaryimage"},"image":{"@id":"https:\/\/www.magromer.com\/en\/product\/alfombra-cuero-vacuno-modelo-ladrillos\/#primaryimage"},"thumbnailUrl":"https:\/\/www.magromer.com\/wp-content\/uploads\/2020\/07\/Alfombra-de-cuero-de-vaca-Ladrillo.jpg","datePublished":"2020-07-08T13:52:09+00:00","dateModified":"2024-02-02T19:52:50+00:00","breadcrumb":{"@id":"https:\/\/www.magromer.com\/en\/product\/alfombra-cuero-vacuno-modelo-ladrillos\/#breadcrumb"},"inLanguage":"en-US","potentialAction":[{"@type":"ReadAction","target":["https:\/\/www.magromer.com\/en\/product\/alfombra-cuero-vacuno-modelo-ladrillos\/"]}]},{"@type":"ImageObject","inLanguage":"en-US","@id":"https:\/\/www.magromer.com\/en\/product\/alfombra-cuero-vacuno-modelo-ladrillos\/#primaryimage","url":"https:\/\/www.magromer.com\/wp-content\/uploads\/2020\/07\/Alfombra-de-cuero-de-vaca-Ladrillo.jpg","contentUrl":"https:\/\/www.magromer.com\/wp-content\/uploads\/2020\/07\/Alfombra-de-cuero-de-vaca-Ladrillo.jpg","width":600,"height":600},{"@type":"BreadcrumbList","@id":"https:\/\/www.magromer.com\/en\/product\/alfombra-cuero-vacuno-modelo-ladrillos\/#breadcrumb","itemListElement":[{"@type":"ListItem","position":1,"name":"Home","item":"https:\/\/www.magromer.com\/"},{"@type":"ListItem","position":2,"name":"Productos","item":"https:\/\/www.magromer.com\/shop\/"},{"@type":"ListItem","position":3,"name":"Alfombra Cuero Vacuno Modelo Ladrillos"}]},{"@type":"WebSite","@id":"https:\/\/www.magromer.com\/#website","url":"https:\/\/www.magromer.com\/","name":"Industrias Magromer","description":"Estilo y Calidad","publisher":{"@id":"https:\/\/www.magromer.com\/#organization"},"potentialAction":[{"@type":"SearchAction","target":{"@type":"EntryPoint","urlTemplate":"https:\/\/www.magromer.com\/?s={search_term_string}"},"query-input":{"@type":"PropertyValueSpecification","valueRequired":true,"valueName":"search_term_string"}}],"inLanguage":"en-US"},{"@type":"Organization","@id":"https:\/\/www.magromer.com\/#organization","name":"Industrias Magromer Cueros y Pieles","url":"https:\/\/www.magromer.com\/","logo":{"@type":"ImageObject","inLanguage":"en-US","@id":"https:\/\/www.magromer.com\/#\/schema\/logo\/image\/","url":"https:\/\/www.magromer.com\/wp-content\/uploads\/2020\/06\/Logo-Convertido-01.png","contentUrl":"https:\/\/www.magromer.com\/wp-content\/uploads\/2020\/06\/Logo-Convertido-01.png","width":1313,"height":1692,"caption":"Industrias Magromer Cueros y Pieles"},"image":{"@id":"https:\/\/www.magromer.com\/#\/schema\/logo\/image\/"}}]}},"_links":{"self":[{"href":"https:\/\/www.magromer.com\/en\/wp-json\/wp\/v2\/product\/1062","targetHints":{"allow":["GET"]}}],"collection":[{"href":"https:\/\/www.magromer.com\/en\/wp-json\/wp\/v2\/product"}],"about":[{"href":"https:\/\/www.magromer.com\/en\/wp-json\/wp\/v2\/types\/product"}],"wp:featuredmedia":[{"embeddable":true,"href":"https:\/\/www.magromer.com\/en\/wp-json\/wp\/v2\/media\/2944"}],"wp:attachment":[{"href":"https:\/\/www.magromer.com\/en\/wp-json\/wp\/v2\/media?parent=1062"}],"wp:term":[{"taxonomy":"product_brand","embeddable":true,"href":"https:\/\/www.magromer.com\/en\/wp-json\/wp\/v2\/product_brand?post=1062"},{"taxonomy":"product_cat","embeddable":true,"href":"https:\/\/www.magromer.com\/en\/wp-json\/wp\/v2\/product_cat?post=1062"},{"taxonomy":"product_tag","embeddable":true,"href":"https:\/\/www.magromer.com\/en\/wp-json\/wp\/v2\/product_tag?post=1062"}],"curies":[{"name":"wp","href":"https:\/\/api.w.org\/{rel}","templated":true}]}}