{"id":1097,"date":"2020-07-08T14:31:22","date_gmt":"2020-07-08T14:31:22","guid":{"rendered":"https:\/\/www.magromer.com\/home\/?post_type=product&#038;p=1097"},"modified":"2024-02-02T19:44:19","modified_gmt":"2024-02-02T19:44:19","slug":"puff-lanar-rasado-redondo","status":"publish","type":"product","link":"https:\/\/www.magromer.com\/en\/product\/puff-lanar-rasado-redondo\/","title":{"rendered":"Lambskin Sheared Pouf"},"content":{"rendered":"","protected":false},"excerpt":{"rendered":"<p>Round puff made with shaved sheepskin, with panama fabric finish. Polyester closure. Filled with Telgopor spheres.<\/p>\n<p>Made in Argentina.<br \/>\nMaintenance: Use of vacuum cleaner.<\/p>","protected":false},"featured_media":4116,"template":"","meta":[],"product_brand":[],"product_cat":[35],"product_tag":[778,67],"class_list":{"0":"post-1097","1":"product","2":"type-product","3":"status-publish","4":"has-post-thumbnail","6":"product_cat-lanar","7":"product_tag-living","8":"product_tag-puff","9":"pa_colores-white","10":"pa_colores-o21","11":"pa_colores-l26","12":"pa_colores-n40","14":"first","15":"instock","16":"shipping-taxable","17":"purchasable","18":"product-type-variable"},"yoast_head":"<!-- This site is optimized with the Yoast SEO plugin v27.1.1 - https:\/\/yoast.com\/product\/yoast-seo-wordpress\/ -->\n<title>Puff Lanar Rasado Redondo - Industrias Magromer<\/title>\n<meta name=\"robots\" content=\"index, follow, max-snippet:-1, max-image-preview:large, max-video-preview:-1\" \/>\n<link rel=\"canonical\" href=\"https:\/\/www.magromer.com\/en\/product\/puff-lanar-rasado-redondo\/\" \/>\n<meta property=\"og:locale\" content=\"en_US\" \/>\n<meta property=\"og:type\" content=\"article\" \/>\n<meta property=\"og:title\" content=\"Puff Lanar Rasado Redondo - Industrias Magromer\" \/>\n<meta property=\"og:description\" content=\"Puff redondo realizado con cuero de oveja rasado, con terminaci\u00f3n de tela panam\u00e1. Cierre de poli\u00e9ster. Relleno de esferas de Telgopor.  Hecho en Argentina. Mantenimiento: Uso de aspiradora.\" \/>\n<meta property=\"og:url\" content=\"https:\/\/www.magromer.com\/en\/product\/puff-lanar-rasado-redondo\/\" \/>\n<meta property=\"og:site_name\" content=\"Industrias Magromer\" \/>\n<meta property=\"article:modified_time\" content=\"2024-02-02T19:44:19+00:00\" \/>\n<meta property=\"og:image\" content=\"https:\/\/www.magromer.com\/wp-content\/uploads\/2020\/07\/Puf_RasadoRedondo.jpg\" \/>\n\t<meta property=\"og:image:width\" content=\"1000\" \/>\n\t<meta property=\"og:image:height\" content=\"1000\" \/>\n\t<meta property=\"og:image:type\" content=\"image\/jpeg\" \/>\n<meta name=\"twitter:card\" content=\"summary_large_image\" \/>\n<script type=\"application\/ld+json\" class=\"yoast-schema-graph\">{\"@context\":\"https:\/\/schema.org\",\"@graph\":[{\"@type\":\"WebPage\",\"@id\":\"https:\/\/www.magromer.com\/product\/puff-lanar-rasado-redondo\/\",\"url\":\"https:\/\/www.magromer.com\/product\/puff-lanar-rasado-redondo\/\",\"name\":\"Puff Lanar Rasado Redondo - Industrias Magromer\",\"isPartOf\":{\"@id\":\"https:\/\/www.magromer.com\/#website\"},\"primaryImageOfPage\":{\"@id\":\"https:\/\/www.magromer.com\/product\/puff-lanar-rasado-redondo\/#primaryimage\"},\"image\":{\"@id\":\"https:\/\/www.magromer.com\/product\/puff-lanar-rasado-redondo\/#primaryimage\"},\"thumbnailUrl\":\"https:\/\/www.magromer.com\/wp-content\/uploads\/2020\/07\/Puf_RasadoRedondo.jpg\",\"datePublished\":\"2020-07-08T14:31:22+00:00\",\"dateModified\":\"2024-02-02T19:44:19+00:00\",\"breadcrumb\":{\"@id\":\"https:\/\/www.magromer.com\/product\/puff-lanar-rasado-redondo\/#breadcrumb\"},\"inLanguage\":\"en-US\",\"potentialAction\":[{\"@type\":\"ReadAction\",\"target\":[\"https:\/\/www.magromer.com\/product\/puff-lanar-rasado-redondo\/\"]}]},{\"@type\":\"ImageObject\",\"inLanguage\":\"en-US\",\"@id\":\"https:\/\/www.magromer.com\/product\/puff-lanar-rasado-redondo\/#primaryimage\",\"url\":\"https:\/\/www.magromer.com\/wp-content\/uploads\/2020\/07\/Puf_RasadoRedondo.jpg\",\"contentUrl\":\"https:\/\/www.magromer.com\/wp-content\/uploads\/2020\/07\/Puf_RasadoRedondo.jpg\",\"width\":1000,\"height\":1000},{\"@type\":\"BreadcrumbList\",\"@id\":\"https:\/\/www.magromer.com\/product\/puff-lanar-rasado-redondo\/#breadcrumb\",\"itemListElement\":[{\"@type\":\"ListItem\",\"position\":1,\"name\":\"Home\",\"item\":\"https:\/\/www.magromer.com\/\"},{\"@type\":\"ListItem\",\"position\":2,\"name\":\"Productos\",\"item\":\"https:\/\/www.magromer.com\/shop\/\"},{\"@type\":\"ListItem\",\"position\":3,\"name\":\"Puff Lanar Rasado Redondo\"}]},{\"@type\":\"WebSite\",\"@id\":\"https:\/\/www.magromer.com\/#website\",\"url\":\"https:\/\/www.magromer.com\/\",\"name\":\"Industrias Magromer\",\"description\":\"Estilo y Calidad\",\"publisher\":{\"@id\":\"https:\/\/www.magromer.com\/#organization\"},\"potentialAction\":[{\"@type\":\"SearchAction\",\"target\":{\"@type\":\"EntryPoint\",\"urlTemplate\":\"https:\/\/www.magromer.com\/?s={search_term_string}\"},\"query-input\":{\"@type\":\"PropertyValueSpecification\",\"valueRequired\":true,\"valueName\":\"search_term_string\"}}],\"inLanguage\":\"en-US\"},{\"@type\":\"Organization\",\"@id\":\"https:\/\/www.magromer.com\/#organization\",\"name\":\"Industrias Magromer Cueros y Pieles\",\"url\":\"https:\/\/www.magromer.com\/\",\"logo\":{\"@type\":\"ImageObject\",\"inLanguage\":\"en-US\",\"@id\":\"https:\/\/www.magromer.com\/#\/schema\/logo\/image\/\",\"url\":\"https:\/\/www.magromer.com\/wp-content\/uploads\/2020\/06\/Logo-Convertido-01.png\",\"contentUrl\":\"https:\/\/www.magromer.com\/wp-content\/uploads\/2020\/06\/Logo-Convertido-01.png\",\"width\":1313,\"height\":1692,\"caption\":\"Industrias Magromer Cueros y Pieles\"},\"image\":{\"@id\":\"https:\/\/www.magromer.com\/#\/schema\/logo\/image\/\"}}]}<\/script>\n<!-- \/ Yoast SEO plugin. -->","yoast_head_json":{"title":"Puff Lanar Rasado Redondo - Industrias Magromer","robots":{"index":"index","follow":"follow","max-snippet":"max-snippet:-1","max-image-preview":"max-image-preview:large","max-video-preview":"max-video-preview:-1"},"canonical":"https:\/\/www.magromer.com\/en\/product\/puff-lanar-rasado-redondo\/","og_locale":"en_US","og_type":"article","og_title":"Puff Lanar Rasado Redondo - Industrias Magromer","og_description":"Puff redondo realizado con cuero de oveja rasado, con terminaci\u00f3n de tela panam\u00e1. Cierre de poli\u00e9ster. Relleno de esferas de Telgopor.  Hecho en Argentina. Mantenimiento: Uso de aspiradora.","og_url":"https:\/\/www.magromer.com\/en\/product\/puff-lanar-rasado-redondo\/","og_site_name":"Industrias Magromer","article_modified_time":"2024-02-02T19:44:19+00:00","og_image":[{"width":1000,"height":1000,"url":"https:\/\/www.magromer.com\/wp-content\/uploads\/2020\/07\/Puf_RasadoRedondo.jpg","type":"image\/jpeg"}],"twitter_card":"summary_large_image","schema":{"@context":"https:\/\/schema.org","@graph":[{"@type":"WebPage","@id":"https:\/\/www.magromer.com\/product\/puff-lanar-rasado-redondo\/","url":"https:\/\/www.magromer.com\/product\/puff-lanar-rasado-redondo\/","name":"Puff Lanar Rasado Redondo - Industrias Magromer","isPartOf":{"@id":"https:\/\/www.magromer.com\/#website"},"primaryImageOfPage":{"@id":"https:\/\/www.magromer.com\/product\/puff-lanar-rasado-redondo\/#primaryimage"},"image":{"@id":"https:\/\/www.magromer.com\/product\/puff-lanar-rasado-redondo\/#primaryimage"},"thumbnailUrl":"https:\/\/www.magromer.com\/wp-content\/uploads\/2020\/07\/Puf_RasadoRedondo.jpg","datePublished":"2020-07-08T14:31:22+00:00","dateModified":"2024-02-02T19:44:19+00:00","breadcrumb":{"@id":"https:\/\/www.magromer.com\/product\/puff-lanar-rasado-redondo\/#breadcrumb"},"inLanguage":"en-US","potentialAction":[{"@type":"ReadAction","target":["https:\/\/www.magromer.com\/product\/puff-lanar-rasado-redondo\/"]}]},{"@type":"ImageObject","inLanguage":"en-US","@id":"https:\/\/www.magromer.com\/product\/puff-lanar-rasado-redondo\/#primaryimage","url":"https:\/\/www.magromer.com\/wp-content\/uploads\/2020\/07\/Puf_RasadoRedondo.jpg","contentUrl":"https:\/\/www.magromer.com\/wp-content\/uploads\/2020\/07\/Puf_RasadoRedondo.jpg","width":1000,"height":1000},{"@type":"BreadcrumbList","@id":"https:\/\/www.magromer.com\/product\/puff-lanar-rasado-redondo\/#breadcrumb","itemListElement":[{"@type":"ListItem","position":1,"name":"Home","item":"https:\/\/www.magromer.com\/"},{"@type":"ListItem","position":2,"name":"Productos","item":"https:\/\/www.magromer.com\/shop\/"},{"@type":"ListItem","position":3,"name":"Puff Lanar Rasado Redondo"}]},{"@type":"WebSite","@id":"https:\/\/www.magromer.com\/#website","url":"https:\/\/www.magromer.com\/","name":"Industrias Magromer","description":"Estilo y Calidad","publisher":{"@id":"https:\/\/www.magromer.com\/#organization"},"potentialAction":[{"@type":"SearchAction","target":{"@type":"EntryPoint","urlTemplate":"https:\/\/www.magromer.com\/?s={search_term_string}"},"query-input":{"@type":"PropertyValueSpecification","valueRequired":true,"valueName":"search_term_string"}}],"inLanguage":"en-US"},{"@type":"Organization","@id":"https:\/\/www.magromer.com\/#organization","name":"Industrias Magromer Cueros y Pieles","url":"https:\/\/www.magromer.com\/","logo":{"@type":"ImageObject","inLanguage":"en-US","@id":"https:\/\/www.magromer.com\/#\/schema\/logo\/image\/","url":"https:\/\/www.magromer.com\/wp-content\/uploads\/2020\/06\/Logo-Convertido-01.png","contentUrl":"https:\/\/www.magromer.com\/wp-content\/uploads\/2020\/06\/Logo-Convertido-01.png","width":1313,"height":1692,"caption":"Industrias Magromer Cueros y Pieles"},"image":{"@id":"https:\/\/www.magromer.com\/#\/schema\/logo\/image\/"}}]}},"_links":{"self":[{"href":"https:\/\/www.magromer.com\/en\/wp-json\/wp\/v2\/product\/1097","targetHints":{"allow":["GET"]}}],"collection":[{"href":"https:\/\/www.magromer.com\/en\/wp-json\/wp\/v2\/product"}],"about":[{"href":"https:\/\/www.magromer.com\/en\/wp-json\/wp\/v2\/types\/product"}],"wp:featuredmedia":[{"embeddable":true,"href":"https:\/\/www.magromer.com\/en\/wp-json\/wp\/v2\/media\/4116"}],"wp:attachment":[{"href":"https:\/\/www.magromer.com\/en\/wp-json\/wp\/v2\/media?parent=1097"}],"wp:term":[{"taxonomy":"product_brand","embeddable":true,"href":"https:\/\/www.magromer.com\/en\/wp-json\/wp\/v2\/product_brand?post=1097"},{"taxonomy":"product_cat","embeddable":true,"href":"https:\/\/www.magromer.com\/en\/wp-json\/wp\/v2\/product_cat?post=1097"},{"taxonomy":"product_tag","embeddable":true,"href":"https:\/\/www.magromer.com\/en\/wp-json\/wp\/v2\/product_tag?post=1097"}],"curies":[{"name":"wp","href":"https:\/\/api.w.org\/{rel}","templated":true}]}}