{"id":2908,"date":"2021-02-25T18:03:06","date_gmt":"2021-02-25T18:03:06","guid":{"rendered":"https:\/\/www.magromer.com\/?post_type=product&#038;p=2908"},"modified":"2024-02-02T19:54:12","modified_gmt":"2024-02-02T19:54:12","slug":"almohadones-de-cuero-vacuno-gamuza-mix-50x50","status":"publish","type":"product","link":"https:\/\/www.magromer.com\/en\/product\/almohadones-de-cuero-vacuno-gamuza-mix-50x50\/","title":{"rendered":"Suede Mix Cowhide Cushion  50*50"},"content":{"rendered":"","protected":false},"excerpt":{"rendered":"<p>Suede-style cowhide cushions, made in irregular mix cuts with nappa texture. Designed to give your home a unique appeal. Features a two-tone patch design of pastel colors to add the modern and cozy touch your home needs.<\/p>\n<p class=\"translation-block\">Premium quality. Made in Argentina. <br>\nMaintenance: Dry cleaning.<\/p>","protected":false},"featured_media":3767,"template":"","meta":[],"product_brand":[],"product_cat":[21],"product_tag":[66,777],"class_list":{"0":"post-2908","1":"product","2":"type-product","3":"status-publish","4":"has-post-thumbnail","6":"product_cat-vacuno","7":"product_tag-almohadones","8":"product_tag-decoracion-de-interiores","9":"pa_almohadon-gamuza-formas-eadc50-1","10":"pa_almohadon-gamuza-formas-eadc50-2","11":"pa_almohadon-gamuza-formas-eadc50-3","13":"first","14":"instock","15":"shipping-taxable","16":"purchasable","17":"product-type-variable"},"yoast_head":"<!-- This site is optimized with the Yoast SEO plugin v27.1.1 - https:\/\/yoast.com\/product\/yoast-seo-wordpress\/ -->\n<title>Almohadones de Cuero Vacuno Gamuza Mix 50x50 - Industrias Magromer<\/title>\n<meta name=\"robots\" content=\"index, follow, max-snippet:-1, max-image-preview:large, max-video-preview:-1\" \/>\n<link rel=\"canonical\" href=\"https:\/\/www.magromer.com\/en\/product\/almohadones-de-cuero-vacuno-gamuza-mix-50x50\/\" \/>\n<meta property=\"og:locale\" content=\"en_US\" \/>\n<meta property=\"og:type\" content=\"article\" \/>\n<meta property=\"og:title\" content=\"Almohadones de Cuero Vacuno Gamuza Mix 50x50 - Industrias Magromer\" \/>\n<meta property=\"og:description\" content=\"Almohadones de cuero vacuno estilo gamuza, confeccionado en cortes irregulares mix con textura napada. Dise\u00f1ados para brindarle a su hogar un atractivo \u00fanico. Presenta un dise\u00f1o Patch de dos tonos de colores pastel para agregar el toque moderno y acogedor que tu hogar necesita.  Calidad Premium. Hecho en Argentina. Mantenimiento: Limpieza en seco.\" \/>\n<meta property=\"og:url\" content=\"https:\/\/www.magromer.com\/en\/product\/almohadones-de-cuero-vacuno-gamuza-mix-50x50\/\" \/>\n<meta property=\"og:site_name\" content=\"Industrias Magromer\" \/>\n<meta property=\"article:modified_time\" content=\"2024-02-02T19:54:12+00:00\" \/>\n<meta property=\"og:image\" content=\"https:\/\/www.magromer.com\/wp-content\/uploads\/2021\/02\/Almohadon-Gamuza-1.jpg\" \/>\n\t<meta property=\"og:image:width\" content=\"1000\" \/>\n\t<meta property=\"og:image:height\" content=\"1000\" \/>\n\t<meta property=\"og:image:type\" content=\"image\/jpeg\" \/>\n<meta name=\"twitter:card\" content=\"summary_large_image\" \/>\n<script type=\"application\/ld+json\" class=\"yoast-schema-graph\">{\"@context\":\"https:\/\/schema.org\",\"@graph\":[{\"@type\":\"WebPage\",\"@id\":\"https:\/\/www.magromer.com\/en\/product\/almohadones-de-cuero-vacuno-gamuza-mix-50x50\/\",\"url\":\"https:\/\/www.magromer.com\/en\/product\/almohadones-de-cuero-vacuno-gamuza-mix-50x50\/\",\"name\":\"Almohadones de Cuero Vacuno Gamuza Mix 50x50 - Industrias Magromer\",\"isPartOf\":{\"@id\":\"https:\/\/www.magromer.com\/#website\"},\"primaryImageOfPage\":{\"@id\":\"https:\/\/www.magromer.com\/en\/product\/almohadones-de-cuero-vacuno-gamuza-mix-50x50\/#primaryimage\"},\"image\":{\"@id\":\"https:\/\/www.magromer.com\/en\/product\/almohadones-de-cuero-vacuno-gamuza-mix-50x50\/#primaryimage\"},\"thumbnailUrl\":\"https:\/\/www.magromer.com\/wp-content\/uploads\/2021\/02\/Almohadon-Gamuza-1.jpg\",\"datePublished\":\"2021-02-25T18:03:06+00:00\",\"dateModified\":\"2024-02-02T19:54:12+00:00\",\"breadcrumb\":{\"@id\":\"https:\/\/www.magromer.com\/en\/product\/almohadones-de-cuero-vacuno-gamuza-mix-50x50\/#breadcrumb\"},\"inLanguage\":\"en-US\",\"potentialAction\":[{\"@type\":\"ReadAction\",\"target\":[\"https:\/\/www.magromer.com\/en\/product\/almohadones-de-cuero-vacuno-gamuza-mix-50x50\/\"]}]},{\"@type\":\"ImageObject\",\"inLanguage\":\"en-US\",\"@id\":\"https:\/\/www.magromer.com\/en\/product\/almohadones-de-cuero-vacuno-gamuza-mix-50x50\/#primaryimage\",\"url\":\"https:\/\/www.magromer.com\/wp-content\/uploads\/2021\/02\/Almohadon-Gamuza-1.jpg\",\"contentUrl\":\"https:\/\/www.magromer.com\/wp-content\/uploads\/2021\/02\/Almohadon-Gamuza-1.jpg\",\"width\":1000,\"height\":1000},{\"@type\":\"BreadcrumbList\",\"@id\":\"https:\/\/www.magromer.com\/en\/product\/almohadones-de-cuero-vacuno-gamuza-mix-50x50\/#breadcrumb\",\"itemListElement\":[{\"@type\":\"ListItem\",\"position\":1,\"name\":\"Home\",\"item\":\"https:\/\/www.magromer.com\/\"},{\"@type\":\"ListItem\",\"position\":2,\"name\":\"Productos\",\"item\":\"https:\/\/www.magromer.com\/shop\/\"},{\"@type\":\"ListItem\",\"position\":3,\"name\":\"Almohadones de Cuero Vacuno Gamuza Mix 50&#215;50\"}]},{\"@type\":\"WebSite\",\"@id\":\"https:\/\/www.magromer.com\/#website\",\"url\":\"https:\/\/www.magromer.com\/\",\"name\":\"Industrias Magromer\",\"description\":\"Estilo y Calidad\",\"publisher\":{\"@id\":\"https:\/\/www.magromer.com\/#organization\"},\"potentialAction\":[{\"@type\":\"SearchAction\",\"target\":{\"@type\":\"EntryPoint\",\"urlTemplate\":\"https:\/\/www.magromer.com\/?s={search_term_string}\"},\"query-input\":{\"@type\":\"PropertyValueSpecification\",\"valueRequired\":true,\"valueName\":\"search_term_string\"}}],\"inLanguage\":\"en-US\"},{\"@type\":\"Organization\",\"@id\":\"https:\/\/www.magromer.com\/#organization\",\"name\":\"Industrias Magromer Cueros y Pieles\",\"url\":\"https:\/\/www.magromer.com\/\",\"logo\":{\"@type\":\"ImageObject\",\"inLanguage\":\"en-US\",\"@id\":\"https:\/\/www.magromer.com\/#\/schema\/logo\/image\/\",\"url\":\"https:\/\/www.magromer.com\/wp-content\/uploads\/2020\/06\/Logo-Convertido-01.png\",\"contentUrl\":\"https:\/\/www.magromer.com\/wp-content\/uploads\/2020\/06\/Logo-Convertido-01.png\",\"width\":1313,\"height\":1692,\"caption\":\"Industrias Magromer Cueros y Pieles\"},\"image\":{\"@id\":\"https:\/\/www.magromer.com\/#\/schema\/logo\/image\/\"}}]}<\/script>\n<!-- \/ Yoast SEO plugin. -->","yoast_head_json":{"title":"Almohadones de Cuero Vacuno Gamuza Mix 50x50 - Industrias Magromer","robots":{"index":"index","follow":"follow","max-snippet":"max-snippet:-1","max-image-preview":"max-image-preview:large","max-video-preview":"max-video-preview:-1"},"canonical":"https:\/\/www.magromer.com\/en\/product\/almohadones-de-cuero-vacuno-gamuza-mix-50x50\/","og_locale":"en_US","og_type":"article","og_title":"Almohadones de Cuero Vacuno Gamuza Mix 50x50 - Industrias Magromer","og_description":"Almohadones de cuero vacuno estilo gamuza, confeccionado en cortes irregulares mix con textura napada. Dise\u00f1ados para brindarle a su hogar un atractivo \u00fanico. Presenta un dise\u00f1o Patch de dos tonos de colores pastel para agregar el toque moderno y acogedor que tu hogar necesita.  Calidad Premium. Hecho en Argentina. Mantenimiento: Limpieza en seco.","og_url":"https:\/\/www.magromer.com\/en\/product\/almohadones-de-cuero-vacuno-gamuza-mix-50x50\/","og_site_name":"Industrias Magromer","article_modified_time":"2024-02-02T19:54:12+00:00","og_image":[{"width":1000,"height":1000,"url":"https:\/\/www.magromer.com\/wp-content\/uploads\/2021\/02\/Almohadon-Gamuza-1.jpg","type":"image\/jpeg"}],"twitter_card":"summary_large_image","schema":{"@context":"https:\/\/schema.org","@graph":[{"@type":"WebPage","@id":"https:\/\/www.magromer.com\/en\/product\/almohadones-de-cuero-vacuno-gamuza-mix-50x50\/","url":"https:\/\/www.magromer.com\/en\/product\/almohadones-de-cuero-vacuno-gamuza-mix-50x50\/","name":"Almohadones de Cuero Vacuno Gamuza Mix 50x50 - Industrias Magromer","isPartOf":{"@id":"https:\/\/www.magromer.com\/#website"},"primaryImageOfPage":{"@id":"https:\/\/www.magromer.com\/en\/product\/almohadones-de-cuero-vacuno-gamuza-mix-50x50\/#primaryimage"},"image":{"@id":"https:\/\/www.magromer.com\/en\/product\/almohadones-de-cuero-vacuno-gamuza-mix-50x50\/#primaryimage"},"thumbnailUrl":"https:\/\/www.magromer.com\/wp-content\/uploads\/2021\/02\/Almohadon-Gamuza-1.jpg","datePublished":"2021-02-25T18:03:06+00:00","dateModified":"2024-02-02T19:54:12+00:00","breadcrumb":{"@id":"https:\/\/www.magromer.com\/en\/product\/almohadones-de-cuero-vacuno-gamuza-mix-50x50\/#breadcrumb"},"inLanguage":"en-US","potentialAction":[{"@type":"ReadAction","target":["https:\/\/www.magromer.com\/en\/product\/almohadones-de-cuero-vacuno-gamuza-mix-50x50\/"]}]},{"@type":"ImageObject","inLanguage":"en-US","@id":"https:\/\/www.magromer.com\/en\/product\/almohadones-de-cuero-vacuno-gamuza-mix-50x50\/#primaryimage","url":"https:\/\/www.magromer.com\/wp-content\/uploads\/2021\/02\/Almohadon-Gamuza-1.jpg","contentUrl":"https:\/\/www.magromer.com\/wp-content\/uploads\/2021\/02\/Almohadon-Gamuza-1.jpg","width":1000,"height":1000},{"@type":"BreadcrumbList","@id":"https:\/\/www.magromer.com\/en\/product\/almohadones-de-cuero-vacuno-gamuza-mix-50x50\/#breadcrumb","itemListElement":[{"@type":"ListItem","position":1,"name":"Home","item":"https:\/\/www.magromer.com\/"},{"@type":"ListItem","position":2,"name":"Productos","item":"https:\/\/www.magromer.com\/shop\/"},{"@type":"ListItem","position":3,"name":"Almohadones de Cuero Vacuno Gamuza Mix 50&#215;50"}]},{"@type":"WebSite","@id":"https:\/\/www.magromer.com\/#website","url":"https:\/\/www.magromer.com\/","name":"Industrias Magromer","description":"Estilo y Calidad","publisher":{"@id":"https:\/\/www.magromer.com\/#organization"},"potentialAction":[{"@type":"SearchAction","target":{"@type":"EntryPoint","urlTemplate":"https:\/\/www.magromer.com\/?s={search_term_string}"},"query-input":{"@type":"PropertyValueSpecification","valueRequired":true,"valueName":"search_term_string"}}],"inLanguage":"en-US"},{"@type":"Organization","@id":"https:\/\/www.magromer.com\/#organization","name":"Industrias Magromer Cueros y Pieles","url":"https:\/\/www.magromer.com\/","logo":{"@type":"ImageObject","inLanguage":"en-US","@id":"https:\/\/www.magromer.com\/#\/schema\/logo\/image\/","url":"https:\/\/www.magromer.com\/wp-content\/uploads\/2020\/06\/Logo-Convertido-01.png","contentUrl":"https:\/\/www.magromer.com\/wp-content\/uploads\/2020\/06\/Logo-Convertido-01.png","width":1313,"height":1692,"caption":"Industrias Magromer Cueros y Pieles"},"image":{"@id":"https:\/\/www.magromer.com\/#\/schema\/logo\/image\/"}}]}},"_links":{"self":[{"href":"https:\/\/www.magromer.com\/en\/wp-json\/wp\/v2\/product\/2908","targetHints":{"allow":["GET"]}}],"collection":[{"href":"https:\/\/www.magromer.com\/en\/wp-json\/wp\/v2\/product"}],"about":[{"href":"https:\/\/www.magromer.com\/en\/wp-json\/wp\/v2\/types\/product"}],"wp:featuredmedia":[{"embeddable":true,"href":"https:\/\/www.magromer.com\/en\/wp-json\/wp\/v2\/media\/3767"}],"wp:attachment":[{"href":"https:\/\/www.magromer.com\/en\/wp-json\/wp\/v2\/media?parent=2908"}],"wp:term":[{"taxonomy":"product_brand","embeddable":true,"href":"https:\/\/www.magromer.com\/en\/wp-json\/wp\/v2\/product_brand?post=2908"},{"taxonomy":"product_cat","embeddable":true,"href":"https:\/\/www.magromer.com\/en\/wp-json\/wp\/v2\/product_cat?post=2908"},{"taxonomy":"product_tag","embeddable":true,"href":"https:\/\/www.magromer.com\/en\/wp-json\/wp\/v2\/product_tag?post=2908"}],"curies":[{"name":"wp","href":"https:\/\/api.w.org\/{rel}","templated":true}]}}