{"id":5788,"date":"2023-05-22T12:29:43","date_gmt":"2023-05-22T12:29:43","guid":{"rendered":"https:\/\/www.magromer.com\/?post_type=product&#038;p=5788"},"modified":"2024-02-02T17:47:44","modified_gmt":"2024-02-02T17:47:44","slug":"rinonera-clasica","status":"publish","type":"product","link":"https:\/\/www.magromer.com\/en\/product\/rinonera-clasica\/","title":{"rendered":"Classic Fanny Pack"},"content":{"rendered":"","protected":false},"excerpt":{"rendered":"<p>Waist bag made with natural cowhide. Durable product with excellent functionality for daily use. Measurements: 33 x 15 x 7 cm. It has an external pocket with closure, an interior divider pocket and another with closure. With adjustable strap.<\/p>\n<p>Made in Argentina, Premium quality.<br \/>\nMaintenance: Dry cleaning.<\/p>","protected":false},"featured_media":5793,"template":"","meta":[],"product_brand":[],"product_cat":[21],"product_tag":[780,365],"class_list":{"0":"post-5788","1":"product","2":"type-product","3":"status-publish","4":"has-post-thumbnail","6":"product_cat-vacuno","7":"product_tag-bolsos-y-carteras","8":"product_tag-mochilas","9":"pa_rinonera-rinonera-v76","10":"pa_rinonera-rinonera-v77","11":"pa_rinonera-rinonera-v75","12":"pa_rinonera-rinonera-v14","13":"pa_rinonera-rinonera-v81","14":"pa_rinonera-rinonera-v62","15":"pa_rinonera-rinonera-v55","17":"first","18":"instock","19":"shipping-taxable","20":"purchasable","21":"product-type-variable"},"yoast_head":"<!-- This site is optimized with the Yoast SEO plugin v27.1.1 - https:\/\/yoast.com\/product\/yoast-seo-wordpress\/ -->\n<title>Ri\u00f1onera Cl\u00e1sica - Industrias Magromer<\/title>\n<meta name=\"robots\" content=\"index, follow, max-snippet:-1, max-image-preview:large, max-video-preview:-1\" \/>\n<link rel=\"canonical\" href=\"https:\/\/www.magromer.com\/en\/product\/rinonera-clasica\/\" \/>\n<meta property=\"og:locale\" content=\"en_US\" \/>\n<meta property=\"og:type\" content=\"article\" \/>\n<meta property=\"og:title\" content=\"Ri\u00f1onera Cl\u00e1sica - Industrias Magromer\" \/>\n<meta property=\"og:description\" content=\"Ri\u00f1onera elaborada con cuero de vaca natural. Producto durable y de excelente funcionalidad para el uso cotidiano. Medidas: 33 x 15 x 7 cm. Cuenta con un bolsillo externo con cierre, un bolsillo divisor interior y otro con cierre. Con correa regulable.  Hecho en Argentina, calidad Premium. Mantenimiento: Limpieza en seco.\" \/>\n<meta property=\"og:url\" content=\"https:\/\/www.magromer.com\/en\/product\/rinonera-clasica\/\" \/>\n<meta property=\"og:site_name\" content=\"Industrias Magromer\" \/>\n<meta property=\"article:modified_time\" content=\"2024-02-02T17:47:44+00:00\" \/>\n<meta property=\"og:image\" content=\"https:\/\/www.magromer.com\/wp-content\/uploads\/2023\/05\/022-Rinonera-v14.jpg\" \/>\n\t<meta property=\"og:image:width\" content=\"1000\" \/>\n\t<meta property=\"og:image:height\" content=\"1000\" \/>\n\t<meta property=\"og:image:type\" content=\"image\/jpeg\" \/>\n<meta name=\"twitter:card\" content=\"summary_large_image\" \/>\n<script type=\"application\/ld+json\" class=\"yoast-schema-graph\">{\"@context\":\"https:\/\/schema.org\",\"@graph\":[{\"@type\":\"WebPage\",\"@id\":\"https:\/\/www.magromer.com\/product\/rinonera-clasica\/\",\"url\":\"https:\/\/www.magromer.com\/product\/rinonera-clasica\/\",\"name\":\"Ri\u00f1onera Cl\u00e1sica - Industrias Magromer\",\"isPartOf\":{\"@id\":\"https:\/\/www.magromer.com\/#website\"},\"primaryImageOfPage\":{\"@id\":\"https:\/\/www.magromer.com\/product\/rinonera-clasica\/#primaryimage\"},\"image\":{\"@id\":\"https:\/\/www.magromer.com\/product\/rinonera-clasica\/#primaryimage\"},\"thumbnailUrl\":\"https:\/\/www.magromer.com\/wp-content\/uploads\/2023\/05\/022-Rinonera-v14.jpg\",\"datePublished\":\"2023-05-22T12:29:43+00:00\",\"dateModified\":\"2024-02-02T17:47:44+00:00\",\"breadcrumb\":{\"@id\":\"https:\/\/www.magromer.com\/product\/rinonera-clasica\/#breadcrumb\"},\"inLanguage\":\"en-US\",\"potentialAction\":[{\"@type\":\"ReadAction\",\"target\":[\"https:\/\/www.magromer.com\/product\/rinonera-clasica\/\"]}]},{\"@type\":\"ImageObject\",\"inLanguage\":\"en-US\",\"@id\":\"https:\/\/www.magromer.com\/product\/rinonera-clasica\/#primaryimage\",\"url\":\"https:\/\/www.magromer.com\/wp-content\/uploads\/2023\/05\/022-Rinonera-v14.jpg\",\"contentUrl\":\"https:\/\/www.magromer.com\/wp-content\/uploads\/2023\/05\/022-Rinonera-v14.jpg\",\"width\":1000,\"height\":1000},{\"@type\":\"BreadcrumbList\",\"@id\":\"https:\/\/www.magromer.com\/product\/rinonera-clasica\/#breadcrumb\",\"itemListElement\":[{\"@type\":\"ListItem\",\"position\":1,\"name\":\"Home\",\"item\":\"https:\/\/www.magromer.com\/\"},{\"@type\":\"ListItem\",\"position\":2,\"name\":\"Productos\",\"item\":\"https:\/\/www.magromer.com\/shop\/\"},{\"@type\":\"ListItem\",\"position\":3,\"name\":\"Ri\u00f1onera Cl\u00e1sica\"}]},{\"@type\":\"WebSite\",\"@id\":\"https:\/\/www.magromer.com\/#website\",\"url\":\"https:\/\/www.magromer.com\/\",\"name\":\"Industrias Magromer\",\"description\":\"Estilo y Calidad\",\"publisher\":{\"@id\":\"https:\/\/www.magromer.com\/#organization\"},\"potentialAction\":[{\"@type\":\"SearchAction\",\"target\":{\"@type\":\"EntryPoint\",\"urlTemplate\":\"https:\/\/www.magromer.com\/?s={search_term_string}\"},\"query-input\":{\"@type\":\"PropertyValueSpecification\",\"valueRequired\":true,\"valueName\":\"search_term_string\"}}],\"inLanguage\":\"en-US\"},{\"@type\":\"Organization\",\"@id\":\"https:\/\/www.magromer.com\/#organization\",\"name\":\"Industrias Magromer Cueros y Pieles\",\"url\":\"https:\/\/www.magromer.com\/\",\"logo\":{\"@type\":\"ImageObject\",\"inLanguage\":\"en-US\",\"@id\":\"https:\/\/www.magromer.com\/#\/schema\/logo\/image\/\",\"url\":\"https:\/\/www.magromer.com\/wp-content\/uploads\/2020\/06\/Logo-Convertido-01.png\",\"contentUrl\":\"https:\/\/www.magromer.com\/wp-content\/uploads\/2020\/06\/Logo-Convertido-01.png\",\"width\":1313,\"height\":1692,\"caption\":\"Industrias Magromer Cueros y Pieles\"},\"image\":{\"@id\":\"https:\/\/www.magromer.com\/#\/schema\/logo\/image\/\"}}]}<\/script>\n<!-- \/ Yoast SEO plugin. -->","yoast_head_json":{"title":"Ri\u00f1onera Cl\u00e1sica - Industrias Magromer","robots":{"index":"index","follow":"follow","max-snippet":"max-snippet:-1","max-image-preview":"max-image-preview:large","max-video-preview":"max-video-preview:-1"},"canonical":"https:\/\/www.magromer.com\/en\/product\/rinonera-clasica\/","og_locale":"en_US","og_type":"article","og_title":"Ri\u00f1onera Cl\u00e1sica - Industrias Magromer","og_description":"Ri\u00f1onera elaborada con cuero de vaca natural. Producto durable y de excelente funcionalidad para el uso cotidiano. Medidas: 33 x 15 x 7 cm. Cuenta con un bolsillo externo con cierre, un bolsillo divisor interior y otro con cierre. Con correa regulable.  Hecho en Argentina, calidad Premium. Mantenimiento: Limpieza en seco.","og_url":"https:\/\/www.magromer.com\/en\/product\/rinonera-clasica\/","og_site_name":"Industrias Magromer","article_modified_time":"2024-02-02T17:47:44+00:00","og_image":[{"width":1000,"height":1000,"url":"https:\/\/www.magromer.com\/wp-content\/uploads\/2023\/05\/022-Rinonera-v14.jpg","type":"image\/jpeg"}],"twitter_card":"summary_large_image","schema":{"@context":"https:\/\/schema.org","@graph":[{"@type":"WebPage","@id":"https:\/\/www.magromer.com\/product\/rinonera-clasica\/","url":"https:\/\/www.magromer.com\/product\/rinonera-clasica\/","name":"Ri\u00f1onera Cl\u00e1sica - Industrias Magromer","isPartOf":{"@id":"https:\/\/www.magromer.com\/#website"},"primaryImageOfPage":{"@id":"https:\/\/www.magromer.com\/product\/rinonera-clasica\/#primaryimage"},"image":{"@id":"https:\/\/www.magromer.com\/product\/rinonera-clasica\/#primaryimage"},"thumbnailUrl":"https:\/\/www.magromer.com\/wp-content\/uploads\/2023\/05\/022-Rinonera-v14.jpg","datePublished":"2023-05-22T12:29:43+00:00","dateModified":"2024-02-02T17:47:44+00:00","breadcrumb":{"@id":"https:\/\/www.magromer.com\/product\/rinonera-clasica\/#breadcrumb"},"inLanguage":"en-US","potentialAction":[{"@type":"ReadAction","target":["https:\/\/www.magromer.com\/product\/rinonera-clasica\/"]}]},{"@type":"ImageObject","inLanguage":"en-US","@id":"https:\/\/www.magromer.com\/product\/rinonera-clasica\/#primaryimage","url":"https:\/\/www.magromer.com\/wp-content\/uploads\/2023\/05\/022-Rinonera-v14.jpg","contentUrl":"https:\/\/www.magromer.com\/wp-content\/uploads\/2023\/05\/022-Rinonera-v14.jpg","width":1000,"height":1000},{"@type":"BreadcrumbList","@id":"https:\/\/www.magromer.com\/product\/rinonera-clasica\/#breadcrumb","itemListElement":[{"@type":"ListItem","position":1,"name":"Home","item":"https:\/\/www.magromer.com\/"},{"@type":"ListItem","position":2,"name":"Productos","item":"https:\/\/www.magromer.com\/shop\/"},{"@type":"ListItem","position":3,"name":"Ri\u00f1onera Cl\u00e1sica"}]},{"@type":"WebSite","@id":"https:\/\/www.magromer.com\/#website","url":"https:\/\/www.magromer.com\/","name":"Industrias Magromer","description":"Estilo y Calidad","publisher":{"@id":"https:\/\/www.magromer.com\/#organization"},"potentialAction":[{"@type":"SearchAction","target":{"@type":"EntryPoint","urlTemplate":"https:\/\/www.magromer.com\/?s={search_term_string}"},"query-input":{"@type":"PropertyValueSpecification","valueRequired":true,"valueName":"search_term_string"}}],"inLanguage":"en-US"},{"@type":"Organization","@id":"https:\/\/www.magromer.com\/#organization","name":"Industrias Magromer Cueros y Pieles","url":"https:\/\/www.magromer.com\/","logo":{"@type":"ImageObject","inLanguage":"en-US","@id":"https:\/\/www.magromer.com\/#\/schema\/logo\/image\/","url":"https:\/\/www.magromer.com\/wp-content\/uploads\/2020\/06\/Logo-Convertido-01.png","contentUrl":"https:\/\/www.magromer.com\/wp-content\/uploads\/2020\/06\/Logo-Convertido-01.png","width":1313,"height":1692,"caption":"Industrias Magromer Cueros y Pieles"},"image":{"@id":"https:\/\/www.magromer.com\/#\/schema\/logo\/image\/"}}]}},"_links":{"self":[{"href":"https:\/\/www.magromer.com\/en\/wp-json\/wp\/v2\/product\/5788","targetHints":{"allow":["GET"]}}],"collection":[{"href":"https:\/\/www.magromer.com\/en\/wp-json\/wp\/v2\/product"}],"about":[{"href":"https:\/\/www.magromer.com\/en\/wp-json\/wp\/v2\/types\/product"}],"wp:featuredmedia":[{"embeddable":true,"href":"https:\/\/www.magromer.com\/en\/wp-json\/wp\/v2\/media\/5793"}],"wp:attachment":[{"href":"https:\/\/www.magromer.com\/en\/wp-json\/wp\/v2\/media?parent=5788"}],"wp:term":[{"taxonomy":"product_brand","embeddable":true,"href":"https:\/\/www.magromer.com\/en\/wp-json\/wp\/v2\/product_brand?post=5788"},{"taxonomy":"product_cat","embeddable":true,"href":"https:\/\/www.magromer.com\/en\/wp-json\/wp\/v2\/product_cat?post=5788"},{"taxonomy":"product_tag","embeddable":true,"href":"https:\/\/www.magromer.com\/en\/wp-json\/wp\/v2\/product_tag?post=5788"}],"curies":[{"name":"wp","href":"https:\/\/api.w.org\/{rel}","templated":true}]}}