{"id":6151,"date":"2023-08-03T14:08:11","date_gmt":"2023-08-03T14:08:11","guid":{"rendered":"https:\/\/www.magromer.com\/?post_type=product&#038;p=6151"},"modified":"2024-02-02T19:53:58","modified_gmt":"2024-02-02T19:53:58","slug":"chairpad-silla-tolix-cuero-vacuno","status":"publish","type":"product","link":"https:\/\/www.magromer.com\/en\/product\/chairpad-silla-tolix-cuero-vacuno\/","title":{"rendered":"Cowhide Chairpad - For Tolix Chair"},"content":{"rendered":"","protected":false},"excerpt":{"rendered":"<p>100% Natural cowhide cushion of 33\u00d734.5cm, ideal for Tolix chair. Excellent option to replace cushions or decorate chairs. Our armchairs are exceptionally comfortable. They soften the appearance of spaces, providing a modern and elegant touch.<\/p>\n<p class=\"translation-block\">Premium quality. Made in Argentina. <br>\nMaintenance: Dry cleaning.<\/p>","protected":false},"featured_media":6129,"template":"","meta":[],"product_brand":[],"product_cat":[21],"product_tag":[66,777],"class_list":{"0":"post-6151","1":"product","2":"type-product","3":"status-publish","4":"has-post-thumbnail","6":"product_cat-vacuno","7":"product_tag-almohadones","8":"product_tag-decoracion-de-interiores","9":"pa_chairpad-vacuno-lchcrasht-v05","10":"pa_chairpad-vacuno-lchcrasht-v14","11":"pa_chairpad-vacuno-lchcrasht-v15","12":"pa_chairpad-vacuno-lchcrasht-v62","13":"pa_chairpad-vacuno-lchcrasht-v81","15":"first","16":"instock","17":"shipping-taxable","18":"purchasable","19":"product-type-variable"},"yoast_head":"<!-- This site is optimized with the Yoast SEO plugin v27.1.1 - https:\/\/yoast.com\/product\/yoast-seo-wordpress\/ -->\n<title>Chairpad Silla T\u00f3lix \u2013 Cuero Vacuno - Industrias Magromer<\/title>\n<meta name=\"robots\" content=\"index, follow, max-snippet:-1, max-image-preview:large, max-video-preview:-1\" \/>\n<link rel=\"canonical\" href=\"https:\/\/www.magromer.com\/en\/product\/chairpad-silla-tolix-cuero-vacuno\/\" \/>\n<meta property=\"og:locale\" content=\"en_US\" \/>\n<meta property=\"og:type\" content=\"article\" \/>\n<meta property=\"og:title\" content=\"Chairpad Silla T\u00f3lix \u2013 Cuero Vacuno - Industrias Magromer\" \/>\n<meta property=\"og:description\" content=\"Chairpad de cuero vacuno 100% natural de 33x34,5cm, ideal para silla T\u00f3lix. Excelente opci\u00f3n para reemplazar almohadones o decorar sillas. Nuestros chairpads son excepcionalmente c\u00f3modos. Suavizan la apariencia de los espacios, brindando un toque moderno y elegante.  Calidad Premium. Hecho en Argentina. Mantenimiento: Limpieza en seco.\" \/>\n<meta property=\"og:url\" content=\"https:\/\/www.magromer.com\/en\/product\/chairpad-silla-tolix-cuero-vacuno\/\" \/>\n<meta property=\"og:site_name\" content=\"Industrias Magromer\" \/>\n<meta property=\"article:modified_time\" content=\"2024-02-02T19:53:58+00:00\" \/>\n<meta property=\"og:image\" content=\"https:\/\/www.magromer.com\/wp-content\/uploads\/2023\/08\/Chairpad-Tolix_09.jpg\" \/>\n\t<meta property=\"og:image:width\" content=\"2000\" \/>\n\t<meta property=\"og:image:height\" content=\"2000\" \/>\n\t<meta property=\"og:image:type\" content=\"image\/jpeg\" \/>\n<meta name=\"twitter:card\" content=\"summary_large_image\" \/>\n<script type=\"application\/ld+json\" class=\"yoast-schema-graph\">{\"@context\":\"https:\/\/schema.org\",\"@graph\":[{\"@type\":\"WebPage\",\"@id\":\"https:\/\/www.magromer.com\/product\/chairpad-silla-tolix-cuero-vacuno\/\",\"url\":\"https:\/\/www.magromer.com\/product\/chairpad-silla-tolix-cuero-vacuno\/\",\"name\":\"Chairpad Silla T\u00f3lix \u2013 Cuero Vacuno - Industrias Magromer\",\"isPartOf\":{\"@id\":\"https:\/\/www.magromer.com\/#website\"},\"primaryImageOfPage\":{\"@id\":\"https:\/\/www.magromer.com\/product\/chairpad-silla-tolix-cuero-vacuno\/#primaryimage\"},\"image\":{\"@id\":\"https:\/\/www.magromer.com\/product\/chairpad-silla-tolix-cuero-vacuno\/#primaryimage\"},\"thumbnailUrl\":\"https:\/\/www.magromer.com\/wp-content\/uploads\/2023\/08\/Chairpad-Tolix_09.jpg\",\"datePublished\":\"2023-08-03T14:08:11+00:00\",\"dateModified\":\"2024-02-02T19:53:58+00:00\",\"breadcrumb\":{\"@id\":\"https:\/\/www.magromer.com\/product\/chairpad-silla-tolix-cuero-vacuno\/#breadcrumb\"},\"inLanguage\":\"en-US\",\"potentialAction\":[{\"@type\":\"ReadAction\",\"target\":[\"https:\/\/www.magromer.com\/product\/chairpad-silla-tolix-cuero-vacuno\/\"]}]},{\"@type\":\"ImageObject\",\"inLanguage\":\"en-US\",\"@id\":\"https:\/\/www.magromer.com\/product\/chairpad-silla-tolix-cuero-vacuno\/#primaryimage\",\"url\":\"https:\/\/www.magromer.com\/wp-content\/uploads\/2023\/08\/Chairpad-Tolix_09.jpg\",\"contentUrl\":\"https:\/\/www.magromer.com\/wp-content\/uploads\/2023\/08\/Chairpad-Tolix_09.jpg\",\"width\":2000,\"height\":2000},{\"@type\":\"BreadcrumbList\",\"@id\":\"https:\/\/www.magromer.com\/product\/chairpad-silla-tolix-cuero-vacuno\/#breadcrumb\",\"itemListElement\":[{\"@type\":\"ListItem\",\"position\":1,\"name\":\"Home\",\"item\":\"https:\/\/www.magromer.com\/\"},{\"@type\":\"ListItem\",\"position\":2,\"name\":\"Productos\",\"item\":\"https:\/\/www.magromer.com\/shop\/\"},{\"@type\":\"ListItem\",\"position\":3,\"name\":\"Chairpad Silla T\u00f3lix \u2013 Cuero Vacuno\"}]},{\"@type\":\"WebSite\",\"@id\":\"https:\/\/www.magromer.com\/#website\",\"url\":\"https:\/\/www.magromer.com\/\",\"name\":\"Industrias Magromer\",\"description\":\"Estilo y Calidad\",\"publisher\":{\"@id\":\"https:\/\/www.magromer.com\/#organization\"},\"potentialAction\":[{\"@type\":\"SearchAction\",\"target\":{\"@type\":\"EntryPoint\",\"urlTemplate\":\"https:\/\/www.magromer.com\/?s={search_term_string}\"},\"query-input\":{\"@type\":\"PropertyValueSpecification\",\"valueRequired\":true,\"valueName\":\"search_term_string\"}}],\"inLanguage\":\"en-US\"},{\"@type\":\"Organization\",\"@id\":\"https:\/\/www.magromer.com\/#organization\",\"name\":\"Industrias Magromer Cueros y Pieles\",\"url\":\"https:\/\/www.magromer.com\/\",\"logo\":{\"@type\":\"ImageObject\",\"inLanguage\":\"en-US\",\"@id\":\"https:\/\/www.magromer.com\/#\/schema\/logo\/image\/\",\"url\":\"https:\/\/www.magromer.com\/wp-content\/uploads\/2020\/06\/Logo-Convertido-01.png\",\"contentUrl\":\"https:\/\/www.magromer.com\/wp-content\/uploads\/2020\/06\/Logo-Convertido-01.png\",\"width\":1313,\"height\":1692,\"caption\":\"Industrias Magromer Cueros y Pieles\"},\"image\":{\"@id\":\"https:\/\/www.magromer.com\/#\/schema\/logo\/image\/\"}}]}<\/script>\n<!-- \/ Yoast SEO plugin. -->","yoast_head_json":{"title":"Chairpad Silla T\u00f3lix \u2013 Cuero Vacuno - Industrias Magromer","robots":{"index":"index","follow":"follow","max-snippet":"max-snippet:-1","max-image-preview":"max-image-preview:large","max-video-preview":"max-video-preview:-1"},"canonical":"https:\/\/www.magromer.com\/en\/product\/chairpad-silla-tolix-cuero-vacuno\/","og_locale":"en_US","og_type":"article","og_title":"Chairpad Silla T\u00f3lix \u2013 Cuero Vacuno - Industrias Magromer","og_description":"Chairpad de cuero vacuno 100% natural de 33x34,5cm, ideal para silla T\u00f3lix. Excelente opci\u00f3n para reemplazar almohadones o decorar sillas. Nuestros chairpads son excepcionalmente c\u00f3modos. Suavizan la apariencia de los espacios, brindando un toque moderno y elegante.  Calidad Premium. Hecho en Argentina. Mantenimiento: Limpieza en seco.","og_url":"https:\/\/www.magromer.com\/en\/product\/chairpad-silla-tolix-cuero-vacuno\/","og_site_name":"Industrias Magromer","article_modified_time":"2024-02-02T19:53:58+00:00","og_image":[{"width":2000,"height":2000,"url":"https:\/\/www.magromer.com\/wp-content\/uploads\/2023\/08\/Chairpad-Tolix_09.jpg","type":"image\/jpeg"}],"twitter_card":"summary_large_image","schema":{"@context":"https:\/\/schema.org","@graph":[{"@type":"WebPage","@id":"https:\/\/www.magromer.com\/product\/chairpad-silla-tolix-cuero-vacuno\/","url":"https:\/\/www.magromer.com\/product\/chairpad-silla-tolix-cuero-vacuno\/","name":"Chairpad Silla T\u00f3lix \u2013 Cuero Vacuno - Industrias Magromer","isPartOf":{"@id":"https:\/\/www.magromer.com\/#website"},"primaryImageOfPage":{"@id":"https:\/\/www.magromer.com\/product\/chairpad-silla-tolix-cuero-vacuno\/#primaryimage"},"image":{"@id":"https:\/\/www.magromer.com\/product\/chairpad-silla-tolix-cuero-vacuno\/#primaryimage"},"thumbnailUrl":"https:\/\/www.magromer.com\/wp-content\/uploads\/2023\/08\/Chairpad-Tolix_09.jpg","datePublished":"2023-08-03T14:08:11+00:00","dateModified":"2024-02-02T19:53:58+00:00","breadcrumb":{"@id":"https:\/\/www.magromer.com\/product\/chairpad-silla-tolix-cuero-vacuno\/#breadcrumb"},"inLanguage":"en-US","potentialAction":[{"@type":"ReadAction","target":["https:\/\/www.magromer.com\/product\/chairpad-silla-tolix-cuero-vacuno\/"]}]},{"@type":"ImageObject","inLanguage":"en-US","@id":"https:\/\/www.magromer.com\/product\/chairpad-silla-tolix-cuero-vacuno\/#primaryimage","url":"https:\/\/www.magromer.com\/wp-content\/uploads\/2023\/08\/Chairpad-Tolix_09.jpg","contentUrl":"https:\/\/www.magromer.com\/wp-content\/uploads\/2023\/08\/Chairpad-Tolix_09.jpg","width":2000,"height":2000},{"@type":"BreadcrumbList","@id":"https:\/\/www.magromer.com\/product\/chairpad-silla-tolix-cuero-vacuno\/#breadcrumb","itemListElement":[{"@type":"ListItem","position":1,"name":"Home","item":"https:\/\/www.magromer.com\/"},{"@type":"ListItem","position":2,"name":"Productos","item":"https:\/\/www.magromer.com\/shop\/"},{"@type":"ListItem","position":3,"name":"Chairpad Silla T\u00f3lix \u2013 Cuero Vacuno"}]},{"@type":"WebSite","@id":"https:\/\/www.magromer.com\/#website","url":"https:\/\/www.magromer.com\/","name":"Industrias Magromer","description":"Estilo y Calidad","publisher":{"@id":"https:\/\/www.magromer.com\/#organization"},"potentialAction":[{"@type":"SearchAction","target":{"@type":"EntryPoint","urlTemplate":"https:\/\/www.magromer.com\/?s={search_term_string}"},"query-input":{"@type":"PropertyValueSpecification","valueRequired":true,"valueName":"search_term_string"}}],"inLanguage":"en-US"},{"@type":"Organization","@id":"https:\/\/www.magromer.com\/#organization","name":"Industrias Magromer Cueros y Pieles","url":"https:\/\/www.magromer.com\/","logo":{"@type":"ImageObject","inLanguage":"en-US","@id":"https:\/\/www.magromer.com\/#\/schema\/logo\/image\/","url":"https:\/\/www.magromer.com\/wp-content\/uploads\/2020\/06\/Logo-Convertido-01.png","contentUrl":"https:\/\/www.magromer.com\/wp-content\/uploads\/2020\/06\/Logo-Convertido-01.png","width":1313,"height":1692,"caption":"Industrias Magromer Cueros y Pieles"},"image":{"@id":"https:\/\/www.magromer.com\/#\/schema\/logo\/image\/"}}]}},"_links":{"self":[{"href":"https:\/\/www.magromer.com\/en\/wp-json\/wp\/v2\/product\/6151","targetHints":{"allow":["GET"]}}],"collection":[{"href":"https:\/\/www.magromer.com\/en\/wp-json\/wp\/v2\/product"}],"about":[{"href":"https:\/\/www.magromer.com\/en\/wp-json\/wp\/v2\/types\/product"}],"wp:featuredmedia":[{"embeddable":true,"href":"https:\/\/www.magromer.com\/en\/wp-json\/wp\/v2\/media\/6129"}],"wp:attachment":[{"href":"https:\/\/www.magromer.com\/en\/wp-json\/wp\/v2\/media?parent=6151"}],"wp:term":[{"taxonomy":"product_brand","embeddable":true,"href":"https:\/\/www.magromer.com\/en\/wp-json\/wp\/v2\/product_brand?post=6151"},{"taxonomy":"product_cat","embeddable":true,"href":"https:\/\/www.magromer.com\/en\/wp-json\/wp\/v2\/product_cat?post=6151"},{"taxonomy":"product_tag","embeddable":true,"href":"https:\/\/www.magromer.com\/en\/wp-json\/wp\/v2\/product_tag?post=6151"}],"curies":[{"name":"wp","href":"https:\/\/api.w.org\/{rel}","templated":true}]}}