{"id":6458,"date":"2024-02-01T19:52:44","date_gmt":"2024-02-01T19:52:44","guid":{"rendered":"https:\/\/www.magromer.com\/?post_type=product&#038;p=6458"},"modified":"2024-02-02T20:06:49","modified_gmt":"2024-02-02T20:06:49","slug":"lenero-de-cuero-vacuno","status":"publish","type":"product","link":"https:\/\/www.magromer.com\/en\/product\/lenero-de-cuero-vacuno\/","title":{"rendered":"Cowhide Log Holder"},"content":{"rendered":"","protected":false},"excerpt":{"rendered":"<p>Made from genuine cowhide leather, our firewood rack is not only sturdy and durable, but also adds a touch of luxury to your space. Its spacious design and elegant aesthetic makes it an attractive addition to any corner of your home. You can store all types of items and move them effortlessly throughout the home.<\/p>\n<p>Made in Argentina, Premium quality.<br \/>\nMaintenance: Dry cleaning.<\/p>","protected":false},"featured_media":6454,"template":"","meta":[],"product_brand":[],"product_cat":[21],"product_tag":[65,803,778],"class_list":{"0":"post-6458","1":"product","2":"type-product","3":"status-publish","4":"has-post-thumbnail","6":"product_cat-vacuno","7":"product_tag-accesorios","8":"product_tag-leneros","9":"product_tag-living","10":"pa_lenero-lenero","12":"first","13":"instock","14":"shipping-taxable","15":"purchasable","16":"product-type-variable"},"yoast_head":"<!-- This site is optimized with the Yoast SEO plugin v27.1.1 - https:\/\/yoast.com\/product\/yoast-seo-wordpress\/ -->\n<title>Le\u00f1ero de Cuero Vacuno - Industrias Magromer<\/title>\n<meta name=\"robots\" content=\"index, follow, max-snippet:-1, max-image-preview:large, max-video-preview:-1\" \/>\n<link rel=\"canonical\" href=\"https:\/\/www.magromer.com\/en\/product\/lenero-de-cuero-vacuno\/\" \/>\n<meta property=\"og:locale\" content=\"en_US\" \/>\n<meta property=\"og:type\" content=\"article\" \/>\n<meta property=\"og:title\" content=\"Le\u00f1ero de Cuero Vacuno - Industrias Magromer\" \/>\n<meta property=\"og:description\" content=\"Fabricado con cuero vacuno genuino, nuestro le\u00f1ero no solo es resistente y duradero, sino que tambi\u00e9n a\u00f1ade un toque de lujo a tu espacio. Su dise\u00f1o espacioso y su est\u00e9tica elegante lo convierte en una adici\u00f3n atractiva a cualquier rinc\u00f3n de tu hogar. Podr\u00e1s guardar todo tipo de elementos y trasladarlo sin esfuerzo por todo el hogar.  Hecho en Argentina, calidad Premium. Mantenimiento: Limpieza en seco.\" \/>\n<meta property=\"og:url\" content=\"https:\/\/www.magromer.com\/en\/product\/lenero-de-cuero-vacuno\/\" \/>\n<meta property=\"og:site_name\" content=\"Industrias Magromer\" \/>\n<meta property=\"article:modified_time\" content=\"2024-02-02T20:06:49+00:00\" \/>\n<meta property=\"og:image\" content=\"https:\/\/www.magromer.com\/wp-content\/uploads\/2024\/02\/Lenero-Ambientada-01.jpg\" \/>\n\t<meta property=\"og:image:width\" content=\"1200\" \/>\n\t<meta property=\"og:image:height\" content=\"1200\" \/>\n\t<meta property=\"og:image:type\" content=\"image\/jpeg\" \/>\n<meta name=\"twitter:card\" content=\"summary_large_image\" \/>\n<script type=\"application\/ld+json\" class=\"yoast-schema-graph\">{\"@context\":\"https:\/\/schema.org\",\"@graph\":[{\"@type\":\"WebPage\",\"@id\":\"https:\/\/www.magromer.com\/product\/lenero-de-cuero-vacuno\/\",\"url\":\"https:\/\/www.magromer.com\/product\/lenero-de-cuero-vacuno\/\",\"name\":\"Le\u00f1ero de Cuero Vacuno - Industrias Magromer\",\"isPartOf\":{\"@id\":\"https:\/\/www.magromer.com\/#website\"},\"primaryImageOfPage\":{\"@id\":\"https:\/\/www.magromer.com\/product\/lenero-de-cuero-vacuno\/#primaryimage\"},\"image\":{\"@id\":\"https:\/\/www.magromer.com\/product\/lenero-de-cuero-vacuno\/#primaryimage\"},\"thumbnailUrl\":\"https:\/\/www.magromer.com\/wp-content\/uploads\/2024\/02\/Lenero-Ambientada-01.jpg\",\"datePublished\":\"2024-02-01T19:52:44+00:00\",\"dateModified\":\"2024-02-02T20:06:49+00:00\",\"breadcrumb\":{\"@id\":\"https:\/\/www.magromer.com\/product\/lenero-de-cuero-vacuno\/#breadcrumb\"},\"inLanguage\":\"en-US\",\"potentialAction\":[{\"@type\":\"ReadAction\",\"target\":[\"https:\/\/www.magromer.com\/product\/lenero-de-cuero-vacuno\/\"]}]},{\"@type\":\"ImageObject\",\"inLanguage\":\"en-US\",\"@id\":\"https:\/\/www.magromer.com\/product\/lenero-de-cuero-vacuno\/#primaryimage\",\"url\":\"https:\/\/www.magromer.com\/wp-content\/uploads\/2024\/02\/Lenero-Ambientada-01.jpg\",\"contentUrl\":\"https:\/\/www.magromer.com\/wp-content\/uploads\/2024\/02\/Lenero-Ambientada-01.jpg\",\"width\":1200,\"height\":1200},{\"@type\":\"BreadcrumbList\",\"@id\":\"https:\/\/www.magromer.com\/product\/lenero-de-cuero-vacuno\/#breadcrumb\",\"itemListElement\":[{\"@type\":\"ListItem\",\"position\":1,\"name\":\"Home\",\"item\":\"https:\/\/www.magromer.com\/\"},{\"@type\":\"ListItem\",\"position\":2,\"name\":\"Productos\",\"item\":\"https:\/\/www.magromer.com\/shop\/\"},{\"@type\":\"ListItem\",\"position\":3,\"name\":\"Le\u00f1ero de Cuero Vacuno\"}]},{\"@type\":\"WebSite\",\"@id\":\"https:\/\/www.magromer.com\/#website\",\"url\":\"https:\/\/www.magromer.com\/\",\"name\":\"Industrias Magromer\",\"description\":\"Estilo y Calidad\",\"publisher\":{\"@id\":\"https:\/\/www.magromer.com\/#organization\"},\"potentialAction\":[{\"@type\":\"SearchAction\",\"target\":{\"@type\":\"EntryPoint\",\"urlTemplate\":\"https:\/\/www.magromer.com\/?s={search_term_string}\"},\"query-input\":{\"@type\":\"PropertyValueSpecification\",\"valueRequired\":true,\"valueName\":\"search_term_string\"}}],\"inLanguage\":\"en-US\"},{\"@type\":\"Organization\",\"@id\":\"https:\/\/www.magromer.com\/#organization\",\"name\":\"Industrias Magromer Cueros y Pieles\",\"url\":\"https:\/\/www.magromer.com\/\",\"logo\":{\"@type\":\"ImageObject\",\"inLanguage\":\"en-US\",\"@id\":\"https:\/\/www.magromer.com\/#\/schema\/logo\/image\/\",\"url\":\"https:\/\/www.magromer.com\/wp-content\/uploads\/2020\/06\/Logo-Convertido-01.png\",\"contentUrl\":\"https:\/\/www.magromer.com\/wp-content\/uploads\/2020\/06\/Logo-Convertido-01.png\",\"width\":1313,\"height\":1692,\"caption\":\"Industrias Magromer Cueros y Pieles\"},\"image\":{\"@id\":\"https:\/\/www.magromer.com\/#\/schema\/logo\/image\/\"}}]}<\/script>\n<!-- \/ Yoast SEO plugin. -->","yoast_head_json":{"title":"Le\u00f1ero de Cuero Vacuno - Industrias Magromer","robots":{"index":"index","follow":"follow","max-snippet":"max-snippet:-1","max-image-preview":"max-image-preview:large","max-video-preview":"max-video-preview:-1"},"canonical":"https:\/\/www.magromer.com\/en\/product\/lenero-de-cuero-vacuno\/","og_locale":"en_US","og_type":"article","og_title":"Le\u00f1ero de Cuero Vacuno - Industrias Magromer","og_description":"Fabricado con cuero vacuno genuino, nuestro le\u00f1ero no solo es resistente y duradero, sino que tambi\u00e9n a\u00f1ade un toque de lujo a tu espacio. Su dise\u00f1o espacioso y su est\u00e9tica elegante lo convierte en una adici\u00f3n atractiva a cualquier rinc\u00f3n de tu hogar. Podr\u00e1s guardar todo tipo de elementos y trasladarlo sin esfuerzo por todo el hogar.  Hecho en Argentina, calidad Premium. Mantenimiento: Limpieza en seco.","og_url":"https:\/\/www.magromer.com\/en\/product\/lenero-de-cuero-vacuno\/","og_site_name":"Industrias Magromer","article_modified_time":"2024-02-02T20:06:49+00:00","og_image":[{"width":1200,"height":1200,"url":"https:\/\/www.magromer.com\/wp-content\/uploads\/2024\/02\/Lenero-Ambientada-01.jpg","type":"image\/jpeg"}],"twitter_card":"summary_large_image","schema":{"@context":"https:\/\/schema.org","@graph":[{"@type":"WebPage","@id":"https:\/\/www.magromer.com\/product\/lenero-de-cuero-vacuno\/","url":"https:\/\/www.magromer.com\/product\/lenero-de-cuero-vacuno\/","name":"Le\u00f1ero de Cuero Vacuno - Industrias Magromer","isPartOf":{"@id":"https:\/\/www.magromer.com\/#website"},"primaryImageOfPage":{"@id":"https:\/\/www.magromer.com\/product\/lenero-de-cuero-vacuno\/#primaryimage"},"image":{"@id":"https:\/\/www.magromer.com\/product\/lenero-de-cuero-vacuno\/#primaryimage"},"thumbnailUrl":"https:\/\/www.magromer.com\/wp-content\/uploads\/2024\/02\/Lenero-Ambientada-01.jpg","datePublished":"2024-02-01T19:52:44+00:00","dateModified":"2024-02-02T20:06:49+00:00","breadcrumb":{"@id":"https:\/\/www.magromer.com\/product\/lenero-de-cuero-vacuno\/#breadcrumb"},"inLanguage":"en-US","potentialAction":[{"@type":"ReadAction","target":["https:\/\/www.magromer.com\/product\/lenero-de-cuero-vacuno\/"]}]},{"@type":"ImageObject","inLanguage":"en-US","@id":"https:\/\/www.magromer.com\/product\/lenero-de-cuero-vacuno\/#primaryimage","url":"https:\/\/www.magromer.com\/wp-content\/uploads\/2024\/02\/Lenero-Ambientada-01.jpg","contentUrl":"https:\/\/www.magromer.com\/wp-content\/uploads\/2024\/02\/Lenero-Ambientada-01.jpg","width":1200,"height":1200},{"@type":"BreadcrumbList","@id":"https:\/\/www.magromer.com\/product\/lenero-de-cuero-vacuno\/#breadcrumb","itemListElement":[{"@type":"ListItem","position":1,"name":"Home","item":"https:\/\/www.magromer.com\/"},{"@type":"ListItem","position":2,"name":"Productos","item":"https:\/\/www.magromer.com\/shop\/"},{"@type":"ListItem","position":3,"name":"Le\u00f1ero de Cuero Vacuno"}]},{"@type":"WebSite","@id":"https:\/\/www.magromer.com\/#website","url":"https:\/\/www.magromer.com\/","name":"Industrias Magromer","description":"Estilo y Calidad","publisher":{"@id":"https:\/\/www.magromer.com\/#organization"},"potentialAction":[{"@type":"SearchAction","target":{"@type":"EntryPoint","urlTemplate":"https:\/\/www.magromer.com\/?s={search_term_string}"},"query-input":{"@type":"PropertyValueSpecification","valueRequired":true,"valueName":"search_term_string"}}],"inLanguage":"en-US"},{"@type":"Organization","@id":"https:\/\/www.magromer.com\/#organization","name":"Industrias Magromer Cueros y Pieles","url":"https:\/\/www.magromer.com\/","logo":{"@type":"ImageObject","inLanguage":"en-US","@id":"https:\/\/www.magromer.com\/#\/schema\/logo\/image\/","url":"https:\/\/www.magromer.com\/wp-content\/uploads\/2020\/06\/Logo-Convertido-01.png","contentUrl":"https:\/\/www.magromer.com\/wp-content\/uploads\/2020\/06\/Logo-Convertido-01.png","width":1313,"height":1692,"caption":"Industrias Magromer Cueros y Pieles"},"image":{"@id":"https:\/\/www.magromer.com\/#\/schema\/logo\/image\/"}}]}},"_links":{"self":[{"href":"https:\/\/www.magromer.com\/en\/wp-json\/wp\/v2\/product\/6458","targetHints":{"allow":["GET"]}}],"collection":[{"href":"https:\/\/www.magromer.com\/en\/wp-json\/wp\/v2\/product"}],"about":[{"href":"https:\/\/www.magromer.com\/en\/wp-json\/wp\/v2\/types\/product"}],"wp:featuredmedia":[{"embeddable":true,"href":"https:\/\/www.magromer.com\/en\/wp-json\/wp\/v2\/media\/6454"}],"wp:attachment":[{"href":"https:\/\/www.magromer.com\/en\/wp-json\/wp\/v2\/media?parent=6458"}],"wp:term":[{"taxonomy":"product_brand","embeddable":true,"href":"https:\/\/www.magromer.com\/en\/wp-json\/wp\/v2\/product_brand?post=6458"},{"taxonomy":"product_cat","embeddable":true,"href":"https:\/\/www.magromer.com\/en\/wp-json\/wp\/v2\/product_cat?post=6458"},{"taxonomy":"product_tag","embeddable":true,"href":"https:\/\/www.magromer.com\/en\/wp-json\/wp\/v2\/product_tag?post=6458"}],"curies":[{"name":"wp","href":"https:\/\/api.w.org\/{rel}","templated":true}]}}