{"id":6519,"date":"2024-02-02T15:10:23","date_gmt":"2024-02-02T15:10:23","guid":{"rendered":"https:\/\/www.magromer.com\/?post_type=product&#038;p=6519"},"modified":"2024-02-02T15:30:13","modified_gmt":"2024-02-02T15:30:13","slug":"mesa-nadra-madera","status":"publish","type":"product","link":"https:\/\/www.magromer.com\/en\/product\/mesa-nadra-madera\/","title":{"rendered":"Nadra Table - Guayubira Wood"},"content":{"rendered":"","protected":false},"excerpt":{"rendered":"<p>Adorn your space with our Nadra table, a masterpiece that fuses functionality with organic aesthetics. The trapezoid-shaped legs give it a unique elegance, while the top, with the natural shape of wood, adds a touch of sophistication to any environment.<\/p>\n<p>Made in Argentina, Premium quality.<br \/>\nMaintenance: Dry cleaning.<\/p>","protected":false},"featured_media":6525,"template":"","meta":[],"product_brand":[],"product_cat":[21],"product_tag":[778,776],"class_list":{"0":"post-6519","1":"product","2":"type-product","3":"status-publish","4":"has-post-thumbnail","6":"product_cat-vacuno","7":"product_tag-living","8":"product_tag-mesas","9":"pa_mesas-nadra","11":"first","12":"instock","13":"shipping-taxable","14":"purchasable","15":"product-type-variable"},"yoast_head":"<!-- This site is optimized with the Yoast SEO plugin v27.1.1 - https:\/\/yoast.com\/product\/yoast-seo-wordpress\/ -->\n<title>Mesa Nadra \u2013 Madera de Guayubira - Industrias Magromer<\/title>\n<meta name=\"robots\" content=\"index, follow, max-snippet:-1, max-image-preview:large, max-video-preview:-1\" \/>\n<link rel=\"canonical\" href=\"https:\/\/www.magromer.com\/en\/product\/mesa-nadra-madera\/\" \/>\n<meta property=\"og:locale\" content=\"en_US\" \/>\n<meta property=\"og:type\" content=\"article\" \/>\n<meta property=\"og:title\" content=\"Mesa Nadra \u2013 Madera de Guayubira - Industrias Magromer\" \/>\n<meta property=\"og:description\" content=\"Adorna tu espacio con nuestra mesa Nadra, una obra maestra que fusiona funcionalidad con est\u00e9tica org\u00e1nica. Las patas en forma de trapezoide le aportan una elegancia \u00fanica, mientras que la tapa, con la forma natural de la madera, aporta un toque de sofisticaci\u00f3n a cualquier ambiente.  Hecho en Argentina, calidad Premium. Mantenimiento: Limpieza en seco.\" \/>\n<meta property=\"og:url\" content=\"https:\/\/www.magromer.com\/en\/product\/mesa-nadra-madera\/\" \/>\n<meta property=\"og:site_name\" content=\"Industrias Magromer\" \/>\n<meta property=\"article:modified_time\" content=\"2024-02-02T15:30:13+00:00\" \/>\n<meta property=\"og:image\" content=\"https:\/\/www.magromer.com\/wp-content\/uploads\/2024\/02\/Mesa-Guayubira-964757.jpg\" \/>\n\t<meta property=\"og:image:width\" content=\"1200\" \/>\n\t<meta property=\"og:image:height\" content=\"1200\" \/>\n\t<meta property=\"og:image:type\" content=\"image\/jpeg\" \/>\n<meta name=\"twitter:card\" content=\"summary_large_image\" \/>\n<script type=\"application\/ld+json\" class=\"yoast-schema-graph\">{\"@context\":\"https:\/\/schema.org\",\"@graph\":[{\"@type\":\"WebPage\",\"@id\":\"https:\/\/www.magromer.com\/product\/mesa-nadra-madera\/\",\"url\":\"https:\/\/www.magromer.com\/product\/mesa-nadra-madera\/\",\"name\":\"Mesa Nadra \u2013 Madera de Guayubira - Industrias Magromer\",\"isPartOf\":{\"@id\":\"https:\/\/www.magromer.com\/#website\"},\"primaryImageOfPage\":{\"@id\":\"https:\/\/www.magromer.com\/product\/mesa-nadra-madera\/#primaryimage\"},\"image\":{\"@id\":\"https:\/\/www.magromer.com\/product\/mesa-nadra-madera\/#primaryimage\"},\"thumbnailUrl\":\"https:\/\/www.magromer.com\/wp-content\/uploads\/2024\/02\/Mesa-Guayubira-964757.jpg\",\"datePublished\":\"2024-02-02T15:10:23+00:00\",\"dateModified\":\"2024-02-02T15:30:13+00:00\",\"breadcrumb\":{\"@id\":\"https:\/\/www.magromer.com\/product\/mesa-nadra-madera\/#breadcrumb\"},\"inLanguage\":\"en-US\",\"potentialAction\":[{\"@type\":\"ReadAction\",\"target\":[\"https:\/\/www.magromer.com\/product\/mesa-nadra-madera\/\"]}]},{\"@type\":\"ImageObject\",\"inLanguage\":\"en-US\",\"@id\":\"https:\/\/www.magromer.com\/product\/mesa-nadra-madera\/#primaryimage\",\"url\":\"https:\/\/www.magromer.com\/wp-content\/uploads\/2024\/02\/Mesa-Guayubira-964757.jpg\",\"contentUrl\":\"https:\/\/www.magromer.com\/wp-content\/uploads\/2024\/02\/Mesa-Guayubira-964757.jpg\",\"width\":1200,\"height\":1200},{\"@type\":\"BreadcrumbList\",\"@id\":\"https:\/\/www.magromer.com\/product\/mesa-nadra-madera\/#breadcrumb\",\"itemListElement\":[{\"@type\":\"ListItem\",\"position\":1,\"name\":\"Home\",\"item\":\"https:\/\/www.magromer.com\/\"},{\"@type\":\"ListItem\",\"position\":2,\"name\":\"Productos\",\"item\":\"https:\/\/www.magromer.com\/shop\/\"},{\"@type\":\"ListItem\",\"position\":3,\"name\":\"Mesa Nadra \u2013 Madera de Guayubira\"}]},{\"@type\":\"WebSite\",\"@id\":\"https:\/\/www.magromer.com\/#website\",\"url\":\"https:\/\/www.magromer.com\/\",\"name\":\"Industrias Magromer\",\"description\":\"Estilo y Calidad\",\"publisher\":{\"@id\":\"https:\/\/www.magromer.com\/#organization\"},\"potentialAction\":[{\"@type\":\"SearchAction\",\"target\":{\"@type\":\"EntryPoint\",\"urlTemplate\":\"https:\/\/www.magromer.com\/?s={search_term_string}\"},\"query-input\":{\"@type\":\"PropertyValueSpecification\",\"valueRequired\":true,\"valueName\":\"search_term_string\"}}],\"inLanguage\":\"en-US\"},{\"@type\":\"Organization\",\"@id\":\"https:\/\/www.magromer.com\/#organization\",\"name\":\"Industrias Magromer Cueros y Pieles\",\"url\":\"https:\/\/www.magromer.com\/\",\"logo\":{\"@type\":\"ImageObject\",\"inLanguage\":\"en-US\",\"@id\":\"https:\/\/www.magromer.com\/#\/schema\/logo\/image\/\",\"url\":\"https:\/\/www.magromer.com\/wp-content\/uploads\/2020\/06\/Logo-Convertido-01.png\",\"contentUrl\":\"https:\/\/www.magromer.com\/wp-content\/uploads\/2020\/06\/Logo-Convertido-01.png\",\"width\":1313,\"height\":1692,\"caption\":\"Industrias Magromer Cueros y Pieles\"},\"image\":{\"@id\":\"https:\/\/www.magromer.com\/#\/schema\/logo\/image\/\"}}]}<\/script>\n<!-- \/ Yoast SEO plugin. -->","yoast_head_json":{"title":"Mesa Nadra \u2013 Madera de Guayubira - Industrias Magromer","robots":{"index":"index","follow":"follow","max-snippet":"max-snippet:-1","max-image-preview":"max-image-preview:large","max-video-preview":"max-video-preview:-1"},"canonical":"https:\/\/www.magromer.com\/en\/product\/mesa-nadra-madera\/","og_locale":"en_US","og_type":"article","og_title":"Mesa Nadra \u2013 Madera de Guayubira - Industrias Magromer","og_description":"Adorna tu espacio con nuestra mesa Nadra, una obra maestra que fusiona funcionalidad con est\u00e9tica org\u00e1nica. Las patas en forma de trapezoide le aportan una elegancia \u00fanica, mientras que la tapa, con la forma natural de la madera, aporta un toque de sofisticaci\u00f3n a cualquier ambiente.  Hecho en Argentina, calidad Premium. Mantenimiento: Limpieza en seco.","og_url":"https:\/\/www.magromer.com\/en\/product\/mesa-nadra-madera\/","og_site_name":"Industrias Magromer","article_modified_time":"2024-02-02T15:30:13+00:00","og_image":[{"width":1200,"height":1200,"url":"https:\/\/www.magromer.com\/wp-content\/uploads\/2024\/02\/Mesa-Guayubira-964757.jpg","type":"image\/jpeg"}],"twitter_card":"summary_large_image","schema":{"@context":"https:\/\/schema.org","@graph":[{"@type":"WebPage","@id":"https:\/\/www.magromer.com\/product\/mesa-nadra-madera\/","url":"https:\/\/www.magromer.com\/product\/mesa-nadra-madera\/","name":"Mesa Nadra \u2013 Madera de Guayubira - Industrias Magromer","isPartOf":{"@id":"https:\/\/www.magromer.com\/#website"},"primaryImageOfPage":{"@id":"https:\/\/www.magromer.com\/product\/mesa-nadra-madera\/#primaryimage"},"image":{"@id":"https:\/\/www.magromer.com\/product\/mesa-nadra-madera\/#primaryimage"},"thumbnailUrl":"https:\/\/www.magromer.com\/wp-content\/uploads\/2024\/02\/Mesa-Guayubira-964757.jpg","datePublished":"2024-02-02T15:10:23+00:00","dateModified":"2024-02-02T15:30:13+00:00","breadcrumb":{"@id":"https:\/\/www.magromer.com\/product\/mesa-nadra-madera\/#breadcrumb"},"inLanguage":"en-US","potentialAction":[{"@type":"ReadAction","target":["https:\/\/www.magromer.com\/product\/mesa-nadra-madera\/"]}]},{"@type":"ImageObject","inLanguage":"en-US","@id":"https:\/\/www.magromer.com\/product\/mesa-nadra-madera\/#primaryimage","url":"https:\/\/www.magromer.com\/wp-content\/uploads\/2024\/02\/Mesa-Guayubira-964757.jpg","contentUrl":"https:\/\/www.magromer.com\/wp-content\/uploads\/2024\/02\/Mesa-Guayubira-964757.jpg","width":1200,"height":1200},{"@type":"BreadcrumbList","@id":"https:\/\/www.magromer.com\/product\/mesa-nadra-madera\/#breadcrumb","itemListElement":[{"@type":"ListItem","position":1,"name":"Home","item":"https:\/\/www.magromer.com\/"},{"@type":"ListItem","position":2,"name":"Productos","item":"https:\/\/www.magromer.com\/shop\/"},{"@type":"ListItem","position":3,"name":"Mesa Nadra \u2013 Madera de Guayubira"}]},{"@type":"WebSite","@id":"https:\/\/www.magromer.com\/#website","url":"https:\/\/www.magromer.com\/","name":"Industrias Magromer","description":"Estilo y Calidad","publisher":{"@id":"https:\/\/www.magromer.com\/#organization"},"potentialAction":[{"@type":"SearchAction","target":{"@type":"EntryPoint","urlTemplate":"https:\/\/www.magromer.com\/?s={search_term_string}"},"query-input":{"@type":"PropertyValueSpecification","valueRequired":true,"valueName":"search_term_string"}}],"inLanguage":"en-US"},{"@type":"Organization","@id":"https:\/\/www.magromer.com\/#organization","name":"Industrias Magromer Cueros y Pieles","url":"https:\/\/www.magromer.com\/","logo":{"@type":"ImageObject","inLanguage":"en-US","@id":"https:\/\/www.magromer.com\/#\/schema\/logo\/image\/","url":"https:\/\/www.magromer.com\/wp-content\/uploads\/2020\/06\/Logo-Convertido-01.png","contentUrl":"https:\/\/www.magromer.com\/wp-content\/uploads\/2020\/06\/Logo-Convertido-01.png","width":1313,"height":1692,"caption":"Industrias Magromer Cueros y Pieles"},"image":{"@id":"https:\/\/www.magromer.com\/#\/schema\/logo\/image\/"}}]}},"_links":{"self":[{"href":"https:\/\/www.magromer.com\/en\/wp-json\/wp\/v2\/product\/6519","targetHints":{"allow":["GET"]}}],"collection":[{"href":"https:\/\/www.magromer.com\/en\/wp-json\/wp\/v2\/product"}],"about":[{"href":"https:\/\/www.magromer.com\/en\/wp-json\/wp\/v2\/types\/product"}],"wp:featuredmedia":[{"embeddable":true,"href":"https:\/\/www.magromer.com\/en\/wp-json\/wp\/v2\/media\/6525"}],"wp:attachment":[{"href":"https:\/\/www.magromer.com\/en\/wp-json\/wp\/v2\/media?parent=6519"}],"wp:term":[{"taxonomy":"product_brand","embeddable":true,"href":"https:\/\/www.magromer.com\/en\/wp-json\/wp\/v2\/product_brand?post=6519"},{"taxonomy":"product_cat","embeddable":true,"href":"https:\/\/www.magromer.com\/en\/wp-json\/wp\/v2\/product_cat?post=6519"},{"taxonomy":"product_tag","embeddable":true,"href":"https:\/\/www.magromer.com\/en\/wp-json\/wp\/v2\/product_tag?post=6519"}],"curies":[{"name":"wp","href":"https:\/\/api.w.org\/{rel}","templated":true}]}}