{"id":6779,"date":"2024-10-25T19:12:05","date_gmt":"2024-10-25T19:12:05","guid":{"rendered":"https:\/\/www.magromer.com\/?post_type=product&#038;p=6779"},"modified":"2024-10-25T19:16:53","modified_gmt":"2024-10-25T19:16:53","slug":"tapado-victoria-curly-cuero-de-oveja","status":"publish","type":"product","link":"https:\/\/www.magromer.com\/en\/product\/tapado-victoria-curly-cuero-de-oveja\/","title":{"rendered":"Victoria Curly Sheepskin Coat"},"content":{"rendered":"","protected":false},"excerpt":{"rendered":"<p>Our curly garments are made from premium wool, offering unmatched softness and a unique, fluffy texture. Its construction ensures durability and resistance, ideal for daily use, giving you warmth and style on every occasion.<\/p>\n<p>Made in Argentina, Premium quality.<br \/>\nMaintenance: Dry cleaning.<\/p>","protected":false},"featured_media":6778,"template":"","meta":[],"product_brand":[],"product_cat":[35],"product_tag":[789],"class_list":{"0":"post-6779","1":"product","2":"type-product","3":"status-publish","4":"has-post-thumbnail","6":"product_cat-lanar","7":"product_tag-indumentaria","8":"pa_camperas-victoriacd11","9":"pa_camperas-victoriack52","10":"pa_camperas-victoriacq32","12":"first","13":"instock","14":"shipping-taxable","15":"purchasable","16":"product-type-variable"},"yoast_head":"<!-- This site is optimized with the Yoast SEO plugin v27.1.1 - https:\/\/yoast.com\/product\/yoast-seo-wordpress\/ -->\n<title>Tapado Victoria Curly Cuero de Oveja - Industrias Magromer<\/title>\n<meta name=\"robots\" content=\"index, follow, max-snippet:-1, max-image-preview:large, max-video-preview:-1\" \/>\n<link rel=\"canonical\" href=\"https:\/\/www.magromer.com\/en\/product\/tapado-victoria-curly-cuero-de-oveja\/\" \/>\n<meta property=\"og:locale\" content=\"en_US\" \/>\n<meta property=\"og:type\" content=\"article\" \/>\n<meta property=\"og:title\" content=\"Tapado Victoria Curly Cuero de Oveja - Industrias Magromer\" \/>\n<meta property=\"og:description\" content=\"Nuestras prendas curly est\u00e1n elaborados con lana de primera calidad, ofreciendo una suavidad inigualable y una textura \u00fanica y esponjosa. Su confecci\u00f3n asegura durabilidad y resistencia, ideal para el uso diario, brind\u00e1ndote calidez y estilo en cada ocasi\u00f3n.  Hecho en Argentina, calidad Premium. Mantenimiento: Limpieza en seco.\" \/>\n<meta property=\"og:url\" content=\"https:\/\/www.magromer.com\/en\/product\/tapado-victoria-curly-cuero-de-oveja\/\" \/>\n<meta property=\"og:site_name\" content=\"Industrias Magromer\" \/>\n<meta property=\"article:modified_time\" content=\"2024-10-25T19:16:53+00:00\" \/>\n<meta property=\"og:image\" content=\"https:\/\/www.magromer.com\/wp-content\/uploads\/2024\/10\/Tapado-Victoria-Curly-Q32.jpg\" \/>\n\t<meta property=\"og:image:width\" content=\"1200\" \/>\n\t<meta property=\"og:image:height\" content=\"1200\" \/>\n\t<meta property=\"og:image:type\" content=\"image\/jpeg\" \/>\n<meta name=\"twitter:card\" content=\"summary_large_image\" \/>\n<script type=\"application\/ld+json\" class=\"yoast-schema-graph\">{\"@context\":\"https:\/\/schema.org\",\"@graph\":[{\"@type\":\"WebPage\",\"@id\":\"https:\/\/www.magromer.com\/product\/tapado-victoria-curly-cuero-de-oveja\/\",\"url\":\"https:\/\/www.magromer.com\/product\/tapado-victoria-curly-cuero-de-oveja\/\",\"name\":\"Tapado Victoria Curly Cuero de Oveja - Industrias Magromer\",\"isPartOf\":{\"@id\":\"https:\/\/www.magromer.com\/#website\"},\"primaryImageOfPage\":{\"@id\":\"https:\/\/www.magromer.com\/product\/tapado-victoria-curly-cuero-de-oveja\/#primaryimage\"},\"image\":{\"@id\":\"https:\/\/www.magromer.com\/product\/tapado-victoria-curly-cuero-de-oveja\/#primaryimage\"},\"thumbnailUrl\":\"https:\/\/www.magromer.com\/wp-content\/uploads\/2024\/10\/Tapado-Victoria-Curly-Q32.jpg\",\"datePublished\":\"2024-10-25T19:12:05+00:00\",\"dateModified\":\"2024-10-25T19:16:53+00:00\",\"breadcrumb\":{\"@id\":\"https:\/\/www.magromer.com\/product\/tapado-victoria-curly-cuero-de-oveja\/#breadcrumb\"},\"inLanguage\":\"en-US\",\"potentialAction\":[{\"@type\":\"ReadAction\",\"target\":[\"https:\/\/www.magromer.com\/product\/tapado-victoria-curly-cuero-de-oveja\/\"]}]},{\"@type\":\"ImageObject\",\"inLanguage\":\"en-US\",\"@id\":\"https:\/\/www.magromer.com\/product\/tapado-victoria-curly-cuero-de-oveja\/#primaryimage\",\"url\":\"https:\/\/www.magromer.com\/wp-content\/uploads\/2024\/10\/Tapado-Victoria-Curly-Q32.jpg\",\"contentUrl\":\"https:\/\/www.magromer.com\/wp-content\/uploads\/2024\/10\/Tapado-Victoria-Curly-Q32.jpg\",\"width\":1200,\"height\":1200},{\"@type\":\"BreadcrumbList\",\"@id\":\"https:\/\/www.magromer.com\/product\/tapado-victoria-curly-cuero-de-oveja\/#breadcrumb\",\"itemListElement\":[{\"@type\":\"ListItem\",\"position\":1,\"name\":\"Home\",\"item\":\"https:\/\/www.magromer.com\/\"},{\"@type\":\"ListItem\",\"position\":2,\"name\":\"Productos\",\"item\":\"https:\/\/www.magromer.com\/shop\/\"},{\"@type\":\"ListItem\",\"position\":3,\"name\":\"Tapado Victoria Curly Cuero de Oveja\"}]},{\"@type\":\"WebSite\",\"@id\":\"https:\/\/www.magromer.com\/#website\",\"url\":\"https:\/\/www.magromer.com\/\",\"name\":\"Industrias Magromer\",\"description\":\"Estilo y Calidad\",\"publisher\":{\"@id\":\"https:\/\/www.magromer.com\/#organization\"},\"potentialAction\":[{\"@type\":\"SearchAction\",\"target\":{\"@type\":\"EntryPoint\",\"urlTemplate\":\"https:\/\/www.magromer.com\/?s={search_term_string}\"},\"query-input\":{\"@type\":\"PropertyValueSpecification\",\"valueRequired\":true,\"valueName\":\"search_term_string\"}}],\"inLanguage\":\"en-US\"},{\"@type\":\"Organization\",\"@id\":\"https:\/\/www.magromer.com\/#organization\",\"name\":\"Industrias Magromer Cueros y Pieles\",\"url\":\"https:\/\/www.magromer.com\/\",\"logo\":{\"@type\":\"ImageObject\",\"inLanguage\":\"en-US\",\"@id\":\"https:\/\/www.magromer.com\/#\/schema\/logo\/image\/\",\"url\":\"https:\/\/www.magromer.com\/wp-content\/uploads\/2020\/06\/Logo-Convertido-01.png\",\"contentUrl\":\"https:\/\/www.magromer.com\/wp-content\/uploads\/2020\/06\/Logo-Convertido-01.png\",\"width\":1313,\"height\":1692,\"caption\":\"Industrias Magromer Cueros y Pieles\"},\"image\":{\"@id\":\"https:\/\/www.magromer.com\/#\/schema\/logo\/image\/\"}}]}<\/script>\n<!-- \/ Yoast SEO plugin. -->","yoast_head_json":{"title":"Tapado Victoria Curly Cuero de Oveja - Industrias Magromer","robots":{"index":"index","follow":"follow","max-snippet":"max-snippet:-1","max-image-preview":"max-image-preview:large","max-video-preview":"max-video-preview:-1"},"canonical":"https:\/\/www.magromer.com\/en\/product\/tapado-victoria-curly-cuero-de-oveja\/","og_locale":"en_US","og_type":"article","og_title":"Tapado Victoria Curly Cuero de Oveja - Industrias Magromer","og_description":"Nuestras prendas curly est\u00e1n elaborados con lana de primera calidad, ofreciendo una suavidad inigualable y una textura \u00fanica y esponjosa. Su confecci\u00f3n asegura durabilidad y resistencia, ideal para el uso diario, brind\u00e1ndote calidez y estilo en cada ocasi\u00f3n.  Hecho en Argentina, calidad Premium. Mantenimiento: Limpieza en seco.","og_url":"https:\/\/www.magromer.com\/en\/product\/tapado-victoria-curly-cuero-de-oveja\/","og_site_name":"Industrias Magromer","article_modified_time":"2024-10-25T19:16:53+00:00","og_image":[{"width":1200,"height":1200,"url":"https:\/\/www.magromer.com\/wp-content\/uploads\/2024\/10\/Tapado-Victoria-Curly-Q32.jpg","type":"image\/jpeg"}],"twitter_card":"summary_large_image","schema":{"@context":"https:\/\/schema.org","@graph":[{"@type":"WebPage","@id":"https:\/\/www.magromer.com\/product\/tapado-victoria-curly-cuero-de-oveja\/","url":"https:\/\/www.magromer.com\/product\/tapado-victoria-curly-cuero-de-oveja\/","name":"Tapado Victoria Curly Cuero de Oveja - Industrias Magromer","isPartOf":{"@id":"https:\/\/www.magromer.com\/#website"},"primaryImageOfPage":{"@id":"https:\/\/www.magromer.com\/product\/tapado-victoria-curly-cuero-de-oveja\/#primaryimage"},"image":{"@id":"https:\/\/www.magromer.com\/product\/tapado-victoria-curly-cuero-de-oveja\/#primaryimage"},"thumbnailUrl":"https:\/\/www.magromer.com\/wp-content\/uploads\/2024\/10\/Tapado-Victoria-Curly-Q32.jpg","datePublished":"2024-10-25T19:12:05+00:00","dateModified":"2024-10-25T19:16:53+00:00","breadcrumb":{"@id":"https:\/\/www.magromer.com\/product\/tapado-victoria-curly-cuero-de-oveja\/#breadcrumb"},"inLanguage":"en-US","potentialAction":[{"@type":"ReadAction","target":["https:\/\/www.magromer.com\/product\/tapado-victoria-curly-cuero-de-oveja\/"]}]},{"@type":"ImageObject","inLanguage":"en-US","@id":"https:\/\/www.magromer.com\/product\/tapado-victoria-curly-cuero-de-oveja\/#primaryimage","url":"https:\/\/www.magromer.com\/wp-content\/uploads\/2024\/10\/Tapado-Victoria-Curly-Q32.jpg","contentUrl":"https:\/\/www.magromer.com\/wp-content\/uploads\/2024\/10\/Tapado-Victoria-Curly-Q32.jpg","width":1200,"height":1200},{"@type":"BreadcrumbList","@id":"https:\/\/www.magromer.com\/product\/tapado-victoria-curly-cuero-de-oveja\/#breadcrumb","itemListElement":[{"@type":"ListItem","position":1,"name":"Home","item":"https:\/\/www.magromer.com\/"},{"@type":"ListItem","position":2,"name":"Productos","item":"https:\/\/www.magromer.com\/shop\/"},{"@type":"ListItem","position":3,"name":"Tapado Victoria Curly Cuero de Oveja"}]},{"@type":"WebSite","@id":"https:\/\/www.magromer.com\/#website","url":"https:\/\/www.magromer.com\/","name":"Industrias Magromer","description":"Estilo y Calidad","publisher":{"@id":"https:\/\/www.magromer.com\/#organization"},"potentialAction":[{"@type":"SearchAction","target":{"@type":"EntryPoint","urlTemplate":"https:\/\/www.magromer.com\/?s={search_term_string}"},"query-input":{"@type":"PropertyValueSpecification","valueRequired":true,"valueName":"search_term_string"}}],"inLanguage":"en-US"},{"@type":"Organization","@id":"https:\/\/www.magromer.com\/#organization","name":"Industrias Magromer Cueros y Pieles","url":"https:\/\/www.magromer.com\/","logo":{"@type":"ImageObject","inLanguage":"en-US","@id":"https:\/\/www.magromer.com\/#\/schema\/logo\/image\/","url":"https:\/\/www.magromer.com\/wp-content\/uploads\/2020\/06\/Logo-Convertido-01.png","contentUrl":"https:\/\/www.magromer.com\/wp-content\/uploads\/2020\/06\/Logo-Convertido-01.png","width":1313,"height":1692,"caption":"Industrias Magromer Cueros y Pieles"},"image":{"@id":"https:\/\/www.magromer.com\/#\/schema\/logo\/image\/"}}]}},"_links":{"self":[{"href":"https:\/\/www.magromer.com\/en\/wp-json\/wp\/v2\/product\/6779","targetHints":{"allow":["GET"]}}],"collection":[{"href":"https:\/\/www.magromer.com\/en\/wp-json\/wp\/v2\/product"}],"about":[{"href":"https:\/\/www.magromer.com\/en\/wp-json\/wp\/v2\/types\/product"}],"wp:featuredmedia":[{"embeddable":true,"href":"https:\/\/www.magromer.com\/en\/wp-json\/wp\/v2\/media\/6778"}],"wp:attachment":[{"href":"https:\/\/www.magromer.com\/en\/wp-json\/wp\/v2\/media?parent=6779"}],"wp:term":[{"taxonomy":"product_brand","embeddable":true,"href":"https:\/\/www.magromer.com\/en\/wp-json\/wp\/v2\/product_brand?post=6779"},{"taxonomy":"product_cat","embeddable":true,"href":"https:\/\/www.magromer.com\/en\/wp-json\/wp\/v2\/product_cat?post=6779"},{"taxonomy":"product_tag","embeddable":true,"href":"https:\/\/www.magromer.com\/en\/wp-json\/wp\/v2\/product_tag?post=6779"}],"curies":[{"name":"wp","href":"https:\/\/api.w.org\/{rel}","templated":true}]}}