{"id":6820,"date":"2024-10-25T20:12:14","date_gmt":"2024-10-25T20:12:14","guid":{"rendered":"https:\/\/www.magromer.com\/?post_type=product&#038;p=6820"},"modified":"2024-10-25T20:21:09","modified_gmt":"2024-10-25T20:21:09","slug":"chaleco-julia-cuero-de-oveja","status":"publish","type":"product","link":"https:\/\/www.magromer.com\/en\/product\/chaleco-julia-cuero-de-oveja\/","title":{"rendered":"Julia Sheepskin Jacket"},"content":{"rendered":"","protected":false},"excerpt":{"rendered":"<p>Our napalan garments are made from high-quality leather, offering a soft and warm finish on the inside, along with a unique and sophisticated texture on the outside. Designed to provide durability and comfort, they are ideal for everyday use without losing elegance.<\/p>\n<p>Made in Argentina, Premium Quality.<br \/>\nMaintenance: Dry cleaning.<\/p>","protected":false},"featured_media":6830,"template":"","meta":[],"product_brand":[],"product_cat":[35],"product_tag":[789],"class_list":{"0":"post-6820","1":"product","2":"type-product","3":"status-publish","4":"has-post-thumbnail","6":"product_cat-lanar","7":"product_tag-indumentaria","8":"pa_camperas-cjuliak52","9":"pa_camperas-cjuliaq32","10":"pa_camperas-cjuliaq40","12":"first","13":"instock","14":"shipping-taxable","15":"purchasable","16":"product-type-variable"},"yoast_head":"<!-- This site is optimized with the Yoast SEO plugin v27.1.1 - https:\/\/yoast.com\/product\/yoast-seo-wordpress\/ -->\n<title>Campera Julia Cuero de Oveja - Industrias Magromer<\/title>\n<meta name=\"robots\" content=\"index, follow, max-snippet:-1, max-image-preview:large, max-video-preview:-1\" \/>\n<link rel=\"canonical\" href=\"https:\/\/www.magromer.com\/en\/product\/chaleco-julia-cuero-de-oveja\/\" \/>\n<meta property=\"og:locale\" content=\"en_US\" \/>\n<meta property=\"og:type\" content=\"article\" \/>\n<meta property=\"og:title\" content=\"Campera Julia Cuero de Oveja - Industrias Magromer\" \/>\n<meta property=\"og:description\" content=\"Nuestras prendas napalan est\u00e1n confeccionadas con cuero de alta calidad, ofreciendo un acabado suave y c\u00e1lido en el interior, junto con una textura \u00fanica y sofisticada en el exterior. Pensadas para brindar durabilidad y comodidad, son ideales para el uso diario sin perder la elegancia.  Fabricadas en Argentina, Calidad Premium. Mantenimiento: Lavado en seco.\" \/>\n<meta property=\"og:url\" content=\"https:\/\/www.magromer.com\/en\/product\/chaleco-julia-cuero-de-oveja\/\" \/>\n<meta property=\"og:site_name\" content=\"Industrias Magromer\" \/>\n<meta property=\"article:modified_time\" content=\"2024-10-25T20:21:09+00:00\" \/>\n<meta property=\"og:image\" content=\"https:\/\/www.magromer.com\/wp-content\/uploads\/2024\/10\/Campera-Julia-k52.jpg\" \/>\n\t<meta property=\"og:image:width\" content=\"1200\" \/>\n\t<meta property=\"og:image:height\" content=\"1200\" \/>\n\t<meta property=\"og:image:type\" content=\"image\/jpeg\" \/>\n<meta name=\"twitter:card\" content=\"summary_large_image\" \/>\n<script type=\"application\/ld+json\" class=\"yoast-schema-graph\">{\"@context\":\"https:\/\/schema.org\",\"@graph\":[{\"@type\":\"WebPage\",\"@id\":\"https:\/\/www.magromer.com\/product\/chaleco-julia-cuero-de-oveja\/\",\"url\":\"https:\/\/www.magromer.com\/product\/chaleco-julia-cuero-de-oveja\/\",\"name\":\"Campera Julia Cuero de Oveja - Industrias Magromer\",\"isPartOf\":{\"@id\":\"https:\/\/www.magromer.com\/#website\"},\"primaryImageOfPage\":{\"@id\":\"https:\/\/www.magromer.com\/product\/chaleco-julia-cuero-de-oveja\/#primaryimage\"},\"image\":{\"@id\":\"https:\/\/www.magromer.com\/product\/chaleco-julia-cuero-de-oveja\/#primaryimage\"},\"thumbnailUrl\":\"https:\/\/www.magromer.com\/wp-content\/uploads\/2024\/10\/Campera-Julia-k52.jpg\",\"datePublished\":\"2024-10-25T20:12:14+00:00\",\"dateModified\":\"2024-10-25T20:21:09+00:00\",\"breadcrumb\":{\"@id\":\"https:\/\/www.magromer.com\/product\/chaleco-julia-cuero-de-oveja\/#breadcrumb\"},\"inLanguage\":\"en-US\",\"potentialAction\":[{\"@type\":\"ReadAction\",\"target\":[\"https:\/\/www.magromer.com\/product\/chaleco-julia-cuero-de-oveja\/\"]}]},{\"@type\":\"ImageObject\",\"inLanguage\":\"en-US\",\"@id\":\"https:\/\/www.magromer.com\/product\/chaleco-julia-cuero-de-oveja\/#primaryimage\",\"url\":\"https:\/\/www.magromer.com\/wp-content\/uploads\/2024\/10\/Campera-Julia-k52.jpg\",\"contentUrl\":\"https:\/\/www.magromer.com\/wp-content\/uploads\/2024\/10\/Campera-Julia-k52.jpg\",\"width\":1200,\"height\":1200},{\"@type\":\"BreadcrumbList\",\"@id\":\"https:\/\/www.magromer.com\/product\/chaleco-julia-cuero-de-oveja\/#breadcrumb\",\"itemListElement\":[{\"@type\":\"ListItem\",\"position\":1,\"name\":\"Home\",\"item\":\"https:\/\/www.magromer.com\/\"},{\"@type\":\"ListItem\",\"position\":2,\"name\":\"Productos\",\"item\":\"https:\/\/www.magromer.com\/shop\/\"},{\"@type\":\"ListItem\",\"position\":3,\"name\":\"Campera Julia Cuero de Oveja\"}]},{\"@type\":\"WebSite\",\"@id\":\"https:\/\/www.magromer.com\/#website\",\"url\":\"https:\/\/www.magromer.com\/\",\"name\":\"Industrias Magromer\",\"description\":\"Estilo y Calidad\",\"publisher\":{\"@id\":\"https:\/\/www.magromer.com\/#organization\"},\"potentialAction\":[{\"@type\":\"SearchAction\",\"target\":{\"@type\":\"EntryPoint\",\"urlTemplate\":\"https:\/\/www.magromer.com\/?s={search_term_string}\"},\"query-input\":{\"@type\":\"PropertyValueSpecification\",\"valueRequired\":true,\"valueName\":\"search_term_string\"}}],\"inLanguage\":\"en-US\"},{\"@type\":\"Organization\",\"@id\":\"https:\/\/www.magromer.com\/#organization\",\"name\":\"Industrias Magromer Cueros y Pieles\",\"url\":\"https:\/\/www.magromer.com\/\",\"logo\":{\"@type\":\"ImageObject\",\"inLanguage\":\"en-US\",\"@id\":\"https:\/\/www.magromer.com\/#\/schema\/logo\/image\/\",\"url\":\"https:\/\/www.magromer.com\/wp-content\/uploads\/2020\/06\/Logo-Convertido-01.png\",\"contentUrl\":\"https:\/\/www.magromer.com\/wp-content\/uploads\/2020\/06\/Logo-Convertido-01.png\",\"width\":1313,\"height\":1692,\"caption\":\"Industrias Magromer Cueros y Pieles\"},\"image\":{\"@id\":\"https:\/\/www.magromer.com\/#\/schema\/logo\/image\/\"}}]}<\/script>\n<!-- \/ Yoast SEO plugin. -->","yoast_head_json":{"title":"Campera Julia Cuero de Oveja - Industrias Magromer","robots":{"index":"index","follow":"follow","max-snippet":"max-snippet:-1","max-image-preview":"max-image-preview:large","max-video-preview":"max-video-preview:-1"},"canonical":"https:\/\/www.magromer.com\/en\/product\/chaleco-julia-cuero-de-oveja\/","og_locale":"en_US","og_type":"article","og_title":"Campera Julia Cuero de Oveja - Industrias Magromer","og_description":"Nuestras prendas napalan est\u00e1n confeccionadas con cuero de alta calidad, ofreciendo un acabado suave y c\u00e1lido en el interior, junto con una textura \u00fanica y sofisticada en el exterior. Pensadas para brindar durabilidad y comodidad, son ideales para el uso diario sin perder la elegancia.  Fabricadas en Argentina, Calidad Premium. Mantenimiento: Lavado en seco.","og_url":"https:\/\/www.magromer.com\/en\/product\/chaleco-julia-cuero-de-oveja\/","og_site_name":"Industrias Magromer","article_modified_time":"2024-10-25T20:21:09+00:00","og_image":[{"width":1200,"height":1200,"url":"https:\/\/www.magromer.com\/wp-content\/uploads\/2024\/10\/Campera-Julia-k52.jpg","type":"image\/jpeg"}],"twitter_card":"summary_large_image","schema":{"@context":"https:\/\/schema.org","@graph":[{"@type":"WebPage","@id":"https:\/\/www.magromer.com\/product\/chaleco-julia-cuero-de-oveja\/","url":"https:\/\/www.magromer.com\/product\/chaleco-julia-cuero-de-oveja\/","name":"Campera Julia Cuero de Oveja - Industrias Magromer","isPartOf":{"@id":"https:\/\/www.magromer.com\/#website"},"primaryImageOfPage":{"@id":"https:\/\/www.magromer.com\/product\/chaleco-julia-cuero-de-oveja\/#primaryimage"},"image":{"@id":"https:\/\/www.magromer.com\/product\/chaleco-julia-cuero-de-oveja\/#primaryimage"},"thumbnailUrl":"https:\/\/www.magromer.com\/wp-content\/uploads\/2024\/10\/Campera-Julia-k52.jpg","datePublished":"2024-10-25T20:12:14+00:00","dateModified":"2024-10-25T20:21:09+00:00","breadcrumb":{"@id":"https:\/\/www.magromer.com\/product\/chaleco-julia-cuero-de-oveja\/#breadcrumb"},"inLanguage":"en-US","potentialAction":[{"@type":"ReadAction","target":["https:\/\/www.magromer.com\/product\/chaleco-julia-cuero-de-oveja\/"]}]},{"@type":"ImageObject","inLanguage":"en-US","@id":"https:\/\/www.magromer.com\/product\/chaleco-julia-cuero-de-oveja\/#primaryimage","url":"https:\/\/www.magromer.com\/wp-content\/uploads\/2024\/10\/Campera-Julia-k52.jpg","contentUrl":"https:\/\/www.magromer.com\/wp-content\/uploads\/2024\/10\/Campera-Julia-k52.jpg","width":1200,"height":1200},{"@type":"BreadcrumbList","@id":"https:\/\/www.magromer.com\/product\/chaleco-julia-cuero-de-oveja\/#breadcrumb","itemListElement":[{"@type":"ListItem","position":1,"name":"Home","item":"https:\/\/www.magromer.com\/"},{"@type":"ListItem","position":2,"name":"Productos","item":"https:\/\/www.magromer.com\/shop\/"},{"@type":"ListItem","position":3,"name":"Campera Julia Cuero de Oveja"}]},{"@type":"WebSite","@id":"https:\/\/www.magromer.com\/#website","url":"https:\/\/www.magromer.com\/","name":"Industrias Magromer","description":"Estilo y Calidad","publisher":{"@id":"https:\/\/www.magromer.com\/#organization"},"potentialAction":[{"@type":"SearchAction","target":{"@type":"EntryPoint","urlTemplate":"https:\/\/www.magromer.com\/?s={search_term_string}"},"query-input":{"@type":"PropertyValueSpecification","valueRequired":true,"valueName":"search_term_string"}}],"inLanguage":"en-US"},{"@type":"Organization","@id":"https:\/\/www.magromer.com\/#organization","name":"Industrias Magromer Cueros y Pieles","url":"https:\/\/www.magromer.com\/","logo":{"@type":"ImageObject","inLanguage":"en-US","@id":"https:\/\/www.magromer.com\/#\/schema\/logo\/image\/","url":"https:\/\/www.magromer.com\/wp-content\/uploads\/2020\/06\/Logo-Convertido-01.png","contentUrl":"https:\/\/www.magromer.com\/wp-content\/uploads\/2020\/06\/Logo-Convertido-01.png","width":1313,"height":1692,"caption":"Industrias Magromer Cueros y Pieles"},"image":{"@id":"https:\/\/www.magromer.com\/#\/schema\/logo\/image\/"}}]}},"_links":{"self":[{"href":"https:\/\/www.magromer.com\/en\/wp-json\/wp\/v2\/product\/6820","targetHints":{"allow":["GET"]}}],"collection":[{"href":"https:\/\/www.magromer.com\/en\/wp-json\/wp\/v2\/product"}],"about":[{"href":"https:\/\/www.magromer.com\/en\/wp-json\/wp\/v2\/types\/product"}],"wp:featuredmedia":[{"embeddable":true,"href":"https:\/\/www.magromer.com\/en\/wp-json\/wp\/v2\/media\/6830"}],"wp:attachment":[{"href":"https:\/\/www.magromer.com\/en\/wp-json\/wp\/v2\/media?parent=6820"}],"wp:term":[{"taxonomy":"product_brand","embeddable":true,"href":"https:\/\/www.magromer.com\/en\/wp-json\/wp\/v2\/product_brand?post=6820"},{"taxonomy":"product_cat","embeddable":true,"href":"https:\/\/www.magromer.com\/en\/wp-json\/wp\/v2\/product_cat?post=6820"},{"taxonomy":"product_tag","embeddable":true,"href":"https:\/\/www.magromer.com\/en\/wp-json\/wp\/v2\/product_tag?post=6820"}],"curies":[{"name":"wp","href":"https:\/\/api.w.org\/{rel}","templated":true}]}}